{"id":1209,"date":"2023-05-13T22:48:50","date_gmt":"2023-05-13T22:48:50","guid":{"rendered":"https:\/\/solucionsolar.cl\/solar\/producto\/foco-led-200w-6000k-sec-vkb\/"},"modified":"2023-05-13T22:48:50","modified_gmt":"2023-05-13T22:48:50","slug":"foco-led-200w-6000k-sec-vkb","status":"publish","type":"product","link":"https:\/\/solucionsolar.cl\/solar\/producto\/foco-led-200w-6000k-sec-vkb\/","title":{"rendered":"Foco LED 200W 6000K SEC VKB"},"content":{"rendered":"<p>El Foco LED 200W 6000K SEC VKB es un potente dispositivo de iluminaci\u00f3n con tecnolog\u00eda LED de alta eficiencia energ\u00e9tica. Cuenta con una potencia de 200 vatios y su tono de luz es de 6000 Kelvin, lo que proporciona una luz blanca fr\u00eda. Este foco est\u00e1 dise\u00f1ado para uso en interiores y exteriores y tiene una vida \u00fatil de larga duraci\u00f3n. Adem\u00e1s, su dise\u00f1o resistente lo hace adecuado para su uso en ambientes de trabajo y espacios de alta demanda.<\/p>\n","protected":false},"excerpt":{"rendered":"<p>El Foco LED 200W 6000K SEC VKB es un potente dispositivo de iluminaci\u00f3n con tecnolog\u00eda LED de alta eficiencia energ\u00e9tica. Cuenta con una potencia de 200 vatios y su tono de luz es de 6000 Kelvin, lo que proporciona una luz blanca fr\u00eda. Este foco est\u00e1 dise\u00f1ado para uso en interiores y exteriores y tiene una vida \u00fatil de larga [&hellip;]<\/p>\n","protected":false},"featured_media":1143,"comment_status":"open","ping_status":"closed","template":"","meta":{"_joinchat":[]},"product_brand":[],"product_cat":[44,45],"product_tag":[],"class_list":{"0":"post-1209","1":"product","2":"type-product","3":"status-publish","4":"has-post-thumbnail","6":"product_cat-iluminacion","7":"product_cat-reflectores","9":"first","10":"instock","11":"shipping-taxable","12":"purchasable","13":"product-type-simple"},"ams_default_variation_id":0,"ams_product_points_reward":[],"ams_product_discount_percentage":0,"ams_price_to_display":48500,"ams_acf":[],"jetpack_sharing_enabled":true,"_links":{"self":[{"href":"https:\/\/solucionsolar.cl\/solar\/wp-json\/wp\/v2\/product\/1209","targetHints":{"allow":["GET"]}}],"collection":[{"href":"https:\/\/solucionsolar.cl\/solar\/wp-json\/wp\/v2\/product"}],"about":[{"href":"https:\/\/solucionsolar.cl\/solar\/wp-json\/wp\/v2\/types\/product"}],"replies":[{"embeddable":true,"href":"https:\/\/solucionsolar.cl\/solar\/wp-json\/wp\/v2\/comments?post=1209"}],"wp:featuredmedia":[{"embeddable":true,"href":"https:\/\/solucionsolar.cl\/solar\/wp-json\/wp\/v2\/media\/1143"}],"wp:attachment":[{"href":"https:\/\/solucionsolar.cl\/solar\/wp-json\/wp\/v2\/media?parent=1209"}],"wp:term":[{"taxonomy":"product_brand","embeddable":true,"href":"https:\/\/solucionsolar.cl\/solar\/wp-json\/wp\/v2\/product_brand?post=1209"},{"taxonomy":"product_cat","embeddable":true,"href":"https:\/\/solucionsolar.cl\/solar\/wp-json\/wp\/v2\/product_cat?post=1209"},{"taxonomy":"product_tag","embeddable":true,"href":"https:\/\/solucionsolar.cl\/solar\/wp-json\/wp\/v2\/product_tag?post=1209"}],"curies":[{"name":"wp","href":"https:\/\/api.w.org\/{rel}","templated":true}]}}