{"id":1215,"date":"2023-05-13T22:48:59","date_gmt":"2023-05-13T22:48:59","guid":{"rendered":"https:\/\/solucionsolar.cl\/solar\/producto\/pantalla-policarbonato-16\/"},"modified":"2023-05-13T22:48:59","modified_gmt":"2023-05-13T22:48:59","slug":"pantalla-policarbonato-16","status":"publish","type":"product","link":"https:\/\/solucionsolar.cl\/solar\/producto\/pantalla-policarbonato-16\/","title":{"rendered":"Pantalla policarbonato 16&#8243;"},"content":{"rendered":"<p>La pantalla de policarbonato de 16 pulgadas es una pantalla resistente y duradera hecha de un material de policarbonato que puede soportar impactos y ara\u00f1azos. Es una opci\u00f3n popular para proteger pantallas de ordenadores port\u00e1tiles, monitores y otros dispositivos electr\u00f3nicos de posibles da\u00f1os.<\/p>\n","protected":false},"excerpt":{"rendered":"<p>La pantalla de policarbonato de 16 pulgadas es una pantalla resistente y duradera hecha de un material de policarbonato que puede soportar impactos y ara\u00f1azos. Es una opci\u00f3n popular para proteger pantallas de ordenadores port\u00e1tiles, monitores y otros dispositivos electr\u00f3nicos de posibles da\u00f1os.<\/p>\n","protected":false},"featured_media":1214,"comment_status":"open","ping_status":"closed","template":"","meta":{"_joinchat":[]},"product_brand":[],"product_cat":[44],"product_tag":[],"class_list":{"0":"post-1215","1":"product","2":"type-product","3":"status-publish","4":"has-post-thumbnail","6":"product_cat-iluminacion","8":"first","9":"instock","10":"shipping-taxable","11":"purchasable","12":"product-type-simple"},"ams_default_variation_id":0,"ams_product_points_reward":[],"ams_product_discount_percentage":0,"ams_price_to_display":11500,"ams_acf":[],"jetpack_sharing_enabled":true,"_links":{"self":[{"href":"https:\/\/solucionsolar.cl\/solar\/wp-json\/wp\/v2\/product\/1215","targetHints":{"allow":["GET"]}}],"collection":[{"href":"https:\/\/solucionsolar.cl\/solar\/wp-json\/wp\/v2\/product"}],"about":[{"href":"https:\/\/solucionsolar.cl\/solar\/wp-json\/wp\/v2\/types\/product"}],"replies":[{"embeddable":true,"href":"https:\/\/solucionsolar.cl\/solar\/wp-json\/wp\/v2\/comments?post=1215"}],"wp:featuredmedia":[{"embeddable":true,"href":"https:\/\/solucionsolar.cl\/solar\/wp-json\/wp\/v2\/media\/1214"}],"wp:attachment":[{"href":"https:\/\/solucionsolar.cl\/solar\/wp-json\/wp\/v2\/media?parent=1215"}],"wp:term":[{"taxonomy":"product_brand","embeddable":true,"href":"https:\/\/solucionsolar.cl\/solar\/wp-json\/wp\/v2\/product_brand?post=1215"},{"taxonomy":"product_cat","embeddable":true,"href":"https:\/\/solucionsolar.cl\/solar\/wp-json\/wp\/v2\/product_cat?post=1215"},{"taxonomy":"product_tag","embeddable":true,"href":"https:\/\/solucionsolar.cl\/solar\/wp-json\/wp\/v2\/product_tag?post=1215"}],"curies":[{"name":"wp","href":"https:\/\/api.w.org\/{rel}","templated":true}]}}