{"id":1217,"date":"2023-05-13T22:49:09","date_gmt":"2023-05-13T22:49:09","guid":{"rendered":"https:\/\/solucionsolar.cl\/solar\/producto\/panel-led-40w-cielo-americano-605x605-mm-4000k-vkb\/"},"modified":"2023-05-13T22:49:09","modified_gmt":"2023-05-13T22:49:09","slug":"panel-led-40w-cielo-americano-605x605-mm-4000k-vkb","status":"publish","type":"product","link":"https:\/\/solucionsolar.cl\/solar\/producto\/panel-led-40w-cielo-americano-605x605-mm-4000k-vkb\/","title":{"rendered":"Panel LED 40W cielo americano 605&#215;605 mm 4000K VKB"},"content":{"rendered":"<p>El panel LED de 40W cielo americano de 605&#215;605 mm y 4000K VKB es una soluci\u00f3n de iluminaci\u00f3n moderna y eficiente para techos. Este panel LED ofrece una iluminaci\u00f3n uniforme y agradable en una temperatura de color de 4000K. Su dise\u00f1o de cielo americano se integra perfectamente en techos suspendidos de tipo modular de 60&#215;60 cm. Con una potencia de 40W, este panel LED consume menos energ\u00eda que las soluciones de iluminaci\u00f3n tradicionales, lo que lo hace una opci\u00f3n econ\u00f3mica y sostenible.<\/p>\n","protected":false},"excerpt":{"rendered":"<p>El panel LED de 40W cielo americano de 605&#215;605 mm y 4000K VKB es una soluci\u00f3n de iluminaci\u00f3n moderna y eficiente para techos. Este panel LED ofrece una iluminaci\u00f3n uniforme y agradable en una temperatura de color de 4000K. Su dise\u00f1o de cielo americano se integra perfectamente en techos suspendidos de tipo modular de 60&#215;60 cm. Con una potencia de [&hellip;]<\/p>\n","protected":false},"featured_media":1216,"comment_status":"open","ping_status":"closed","template":"","meta":{"_joinchat":[]},"product_brand":[],"product_cat":[44,46],"product_tag":[],"class_list":{"0":"post-1217","1":"product","2":"type-product","3":"status-publish","4":"has-post-thumbnail","6":"product_cat-iluminacion","7":"product_cat-panel-led","9":"first","10":"instock","11":"shipping-taxable","12":"purchasable","13":"product-type-simple"},"ams_default_variation_id":0,"ams_product_points_reward":[],"ams_product_discount_percentage":0,"ams_price_to_display":26500,"ams_acf":[],"jetpack_sharing_enabled":true,"_links":{"self":[{"href":"https:\/\/solucionsolar.cl\/solar\/wp-json\/wp\/v2\/product\/1217","targetHints":{"allow":["GET"]}}],"collection":[{"href":"https:\/\/solucionsolar.cl\/solar\/wp-json\/wp\/v2\/product"}],"about":[{"href":"https:\/\/solucionsolar.cl\/solar\/wp-json\/wp\/v2\/types\/product"}],"replies":[{"embeddable":true,"href":"https:\/\/solucionsolar.cl\/solar\/wp-json\/wp\/v2\/comments?post=1217"}],"wp:featuredmedia":[{"embeddable":true,"href":"https:\/\/solucionsolar.cl\/solar\/wp-json\/wp\/v2\/media\/1216"}],"wp:attachment":[{"href":"https:\/\/solucionsolar.cl\/solar\/wp-json\/wp\/v2\/media?parent=1217"}],"wp:term":[{"taxonomy":"product_brand","embeddable":true,"href":"https:\/\/solucionsolar.cl\/solar\/wp-json\/wp\/v2\/product_brand?post=1217"},{"taxonomy":"product_cat","embeddable":true,"href":"https:\/\/solucionsolar.cl\/solar\/wp-json\/wp\/v2\/product_cat?post=1217"},{"taxonomy":"product_tag","embeddable":true,"href":"https:\/\/solucionsolar.cl\/solar\/wp-json\/wp\/v2\/product_tag?post=1217"}],"curies":[{"name":"wp","href":"https:\/\/api.w.org\/{rel}","templated":true}]}}