{"id":122,"date":"2023-05-13T22:21:51","date_gmt":"2023-05-13T22:21:51","guid":{"rendered":"https:\/\/solucionsolar.cl\/solar\/producto\/prensaestopa-plastica-pg-13-5-6-12mm-c-tuerca\/"},"modified":"2023-05-13T22:21:51","modified_gmt":"2023-05-13T22:21:51","slug":"prensaestopa-plastica-pg-13-5-6-12mm-c-tuerca","status":"publish","type":"product","link":"https:\/\/solucionsolar.cl\/solar\/producto\/prensaestopa-plastica-pg-13-5-6-12mm-c-tuerca\/","title":{"rendered":"Prensaestopa pl\u00e1stica PG 13.5 6-12mm c\/tuerca"},"content":{"rendered":"<p>Es un dispositivo dise\u00f1ado para sellar y sujetar cables el\u00e9ctricos en equipos y cajas el\u00e9ctricas. Tiene una rosca de tama\u00f1o PG 13.5 y puede alojar cables con di\u00e1metros entre 6 y 12 mm. La tuerca del prensaestopa permite un ajuste seguro y estable en la caja el\u00e9ctrica, evitando as\u00ed la entrada de polvo, agua y otros elementos no deseados. Esta prensaestopa est\u00e1 hecha de pl\u00e1stico resistente que le da una buena durabilidad y resistencia al desgaste y a la corrosi\u00f3n. Es com\u00fanmente utilizada en la industria el\u00e9ctrica, electr\u00f3nica y de automatizaci\u00f3n para asegurar la protecci\u00f3n y el paso de cables el\u00e9ctricos.<\/p>\n","protected":false},"excerpt":{"rendered":"<p>Es un dispositivo dise\u00f1ado para sellar y sujetar cables el\u00e9ctricos en equipos y cajas el\u00e9ctricas. Tiene una rosca de tama\u00f1o PG 13.5 y puede alojar cables con di\u00e1metros entre 6 y 12 mm. La tuerca del prensaestopa permite un ajuste seguro y estable en la caja el\u00e9ctrica, evitando as\u00ed la entrada de polvo, agua y otros elementos no deseados. Esta [&hellip;]<\/p>\n","protected":false},"featured_media":121,"comment_status":"open","ping_status":"closed","template":"","meta":{"_joinchat":[]},"product_brand":[],"product_cat":[16],"product_tag":[],"class_list":{"0":"post-122","1":"product","2":"type-product","3":"status-publish","4":"has-post-thumbnail","6":"product_cat-electricidad","8":"first","9":"instock","10":"shipping-taxable","11":"purchasable","12":"product-type-simple"},"ams_default_variation_id":0,"ams_product_points_reward":[],"ams_product_discount_percentage":0,"ams_price_to_display":360,"ams_acf":[],"jetpack_sharing_enabled":true,"_links":{"self":[{"href":"https:\/\/solucionsolar.cl\/solar\/wp-json\/wp\/v2\/product\/122","targetHints":{"allow":["GET"]}}],"collection":[{"href":"https:\/\/solucionsolar.cl\/solar\/wp-json\/wp\/v2\/product"}],"about":[{"href":"https:\/\/solucionsolar.cl\/solar\/wp-json\/wp\/v2\/types\/product"}],"replies":[{"embeddable":true,"href":"https:\/\/solucionsolar.cl\/solar\/wp-json\/wp\/v2\/comments?post=122"}],"wp:featuredmedia":[{"embeddable":true,"href":"https:\/\/solucionsolar.cl\/solar\/wp-json\/wp\/v2\/media\/121"}],"wp:attachment":[{"href":"https:\/\/solucionsolar.cl\/solar\/wp-json\/wp\/v2\/media?parent=122"}],"wp:term":[{"taxonomy":"product_brand","embeddable":true,"href":"https:\/\/solucionsolar.cl\/solar\/wp-json\/wp\/v2\/product_brand?post=122"},{"taxonomy":"product_cat","embeddable":true,"href":"https:\/\/solucionsolar.cl\/solar\/wp-json\/wp\/v2\/product_cat?post=122"},{"taxonomy":"product_tag","embeddable":true,"href":"https:\/\/solucionsolar.cl\/solar\/wp-json\/wp\/v2\/product_tag?post=122"}],"curies":[{"name":"wp","href":"https:\/\/api.w.org\/{rel}","templated":true}]}}