{"id":1222,"date":"2023-05-13T22:49:17","date_gmt":"2023-05-13T22:49:17","guid":{"rendered":"https:\/\/solucionsolar.cl\/solar\/producto\/tubo-led-t8-20w-120cm-con-kit-de-emergencia-vkb\/"},"modified":"2023-05-13T22:49:17","modified_gmt":"2023-05-13T22:49:17","slug":"tubo-led-t8-20w-120cm-con-kit-de-emergencia-vkb","status":"publish","type":"product","link":"https:\/\/solucionsolar.cl\/solar\/producto\/tubo-led-t8-20w-120cm-con-kit-de-emergencia-vkb\/","title":{"rendered":"Tubo LED T8 20W 120cm con Kit de emergencia VKB"},"content":{"rendered":"<p>El tubo LED T8 de 20W y 120cm con kit de emergencia VKB es un tubo de iluminaci\u00f3n LED eficiente y vers\u00e1til que se adapta a diferentes aplicaciones. Este tubo cuenta con una potencia de 20W, una longitud de 120cm y un kit de emergencia VKB para asegurar la iluminaci\u00f3n en caso de cortes de energ\u00eda. Adem\u00e1s, al ser LED, es m\u00e1s duradero y consume menos energ\u00eda que los tubos fluorescentes tradicionales.<\/p>\n","protected":false},"excerpt":{"rendered":"<p>El tubo LED T8 de 20W y 120cm con kit de emergencia VKB es un tubo de iluminaci\u00f3n LED eficiente y vers\u00e1til que se adapta a diferentes aplicaciones. Este tubo cuenta con una potencia de 20W, una longitud de 120cm y un kit de emergencia VKB para asegurar la iluminaci\u00f3n en caso de cortes de energ\u00eda. Adem\u00e1s, al ser LED, [&hellip;]<\/p>\n","protected":false},"featured_media":1085,"comment_status":"open","ping_status":"closed","template":"","meta":{"_joinchat":[]},"product_brand":[],"product_cat":[44],"product_tag":[],"class_list":{"0":"post-1222","1":"product","2":"type-product","3":"status-publish","4":"has-post-thumbnail","6":"product_cat-iluminacion","8":"first","9":"instock","10":"shipping-taxable","11":"purchasable","12":"product-type-simple"},"ams_default_variation_id":0,"ams_product_points_reward":[],"ams_product_discount_percentage":0,"ams_price_to_display":11500,"ams_acf":[],"jetpack_sharing_enabled":true,"_links":{"self":[{"href":"https:\/\/solucionsolar.cl\/solar\/wp-json\/wp\/v2\/product\/1222","targetHints":{"allow":["GET"]}}],"collection":[{"href":"https:\/\/solucionsolar.cl\/solar\/wp-json\/wp\/v2\/product"}],"about":[{"href":"https:\/\/solucionsolar.cl\/solar\/wp-json\/wp\/v2\/types\/product"}],"replies":[{"embeddable":true,"href":"https:\/\/solucionsolar.cl\/solar\/wp-json\/wp\/v2\/comments?post=1222"}],"wp:featuredmedia":[{"embeddable":true,"href":"https:\/\/solucionsolar.cl\/solar\/wp-json\/wp\/v2\/media\/1085"}],"wp:attachment":[{"href":"https:\/\/solucionsolar.cl\/solar\/wp-json\/wp\/v2\/media?parent=1222"}],"wp:term":[{"taxonomy":"product_brand","embeddable":true,"href":"https:\/\/solucionsolar.cl\/solar\/wp-json\/wp\/v2\/product_brand?post=1222"},{"taxonomy":"product_cat","embeddable":true,"href":"https:\/\/solucionsolar.cl\/solar\/wp-json\/wp\/v2\/product_cat?post=1222"},{"taxonomy":"product_tag","embeddable":true,"href":"https:\/\/solucionsolar.cl\/solar\/wp-json\/wp\/v2\/product_tag?post=1222"}],"curies":[{"name":"wp","href":"https:\/\/api.w.org\/{rel}","templated":true}]}}