{"id":1225,"date":"2023-05-13T22:49:19","date_gmt":"2023-05-13T22:49:19","guid":{"rendered":"https:\/\/solucionsolar.cl\/solar\/producto\/panel-led-embutido-6w-redondo-6000k-vkb\/"},"modified":"2023-05-13T22:49:19","modified_gmt":"2023-05-13T22:49:19","slug":"panel-led-embutido-6w-redondo-6000k-vkb","status":"publish","type":"product","link":"https:\/\/solucionsolar.cl\/solar\/producto\/panel-led-embutido-6w-redondo-6000k-vkb\/","title":{"rendered":"Panel LED Embutido 6W redondo 6000K VKB"},"content":{"rendered":"<p>El Panel LED Embutido 6W redondo 6000K VKB es un dispositivo de iluminaci\u00f3n que utiliza tecnolog\u00eda LED para proporcionar una luz brillante y de alta calidad. Su dise\u00f1o redondo y embebido lo hace ideal para su instalaci\u00f3n en techos y paredes. Tiene una potencia de 6 vatios y una temperatura de color de 6000K, lo que significa que su luz es fr\u00eda y blanca, lo que la hace ideal para ambientes como oficinas, talleres y espacios de trabajo similares. Adem\u00e1s, su bajo consumo de energ\u00eda y larga vida \u00fatil lo hacen una opci\u00f3n rentable y ecol\u00f3gica.<\/p>\n","protected":false},"excerpt":{"rendered":"<p>El Panel LED Embutido 6W redondo 6000K VKB es un dispositivo de iluminaci\u00f3n que utiliza tecnolog\u00eda LED para proporcionar una luz brillante y de alta calidad. Su dise\u00f1o redondo y embebido lo hace ideal para su instalaci\u00f3n en techos y paredes. Tiene una potencia de 6 vatios y una temperatura de color de 6000K, lo que significa que su luz [&hellip;]<\/p>\n","protected":false},"featured_media":1033,"comment_status":"open","ping_status":"closed","template":"","meta":{"_joinchat":[]},"product_brand":[],"product_cat":[47,44,48,46],"product_tag":[],"class_list":{"0":"post-1225","1":"product","2":"type-product","3":"status-publish","4":"has-post-thumbnail","6":"product_cat-embutidos","7":"product_cat-iluminacion","8":"product_cat-luz-fria-embutido","9":"product_cat-panel-led","11":"first","12":"instock","13":"shipping-taxable","14":"purchasable","15":"product-type-simple"},"ams_default_variation_id":0,"ams_product_points_reward":[],"ams_product_discount_percentage":0,"ams_price_to_display":3000,"ams_acf":[],"jetpack_sharing_enabled":true,"_links":{"self":[{"href":"https:\/\/solucionsolar.cl\/solar\/wp-json\/wp\/v2\/product\/1225","targetHints":{"allow":["GET"]}}],"collection":[{"href":"https:\/\/solucionsolar.cl\/solar\/wp-json\/wp\/v2\/product"}],"about":[{"href":"https:\/\/solucionsolar.cl\/solar\/wp-json\/wp\/v2\/types\/product"}],"replies":[{"embeddable":true,"href":"https:\/\/solucionsolar.cl\/solar\/wp-json\/wp\/v2\/comments?post=1225"}],"wp:featuredmedia":[{"embeddable":true,"href":"https:\/\/solucionsolar.cl\/solar\/wp-json\/wp\/v2\/media\/1033"}],"wp:attachment":[{"href":"https:\/\/solucionsolar.cl\/solar\/wp-json\/wp\/v2\/media?parent=1225"}],"wp:term":[{"taxonomy":"product_brand","embeddable":true,"href":"https:\/\/solucionsolar.cl\/solar\/wp-json\/wp\/v2\/product_brand?post=1225"},{"taxonomy":"product_cat","embeddable":true,"href":"https:\/\/solucionsolar.cl\/solar\/wp-json\/wp\/v2\/product_cat?post=1225"},{"taxonomy":"product_tag","embeddable":true,"href":"https:\/\/solucionsolar.cl\/solar\/wp-json\/wp\/v2\/product_tag?post=1225"}],"curies":[{"name":"wp","href":"https:\/\/api.w.org\/{rel}","templated":true}]}}