{"id":1229,"date":"2023-05-13T22:49:23","date_gmt":"2023-05-13T22:49:23","guid":{"rendered":"https:\/\/solucionsolar.cl\/solar\/producto\/panel-led-embutido-12w-redondo-6500k-wellmax\/"},"modified":"2023-05-13T22:49:23","modified_gmt":"2023-05-13T22:49:23","slug":"panel-led-embutido-12w-redondo-6500k-wellmax","status":"publish","type":"product","link":"https:\/\/solucionsolar.cl\/solar\/producto\/panel-led-embutido-12w-redondo-6500k-wellmax\/","title":{"rendered":"Panel LED Embutido 12W redondo 6500K WELLMAX"},"content":{"rendered":"<p>El Panel LED Embutido 12W redondo 6500K de WELLMAX es un dispositivo de iluminaci\u00f3n de alta eficiencia energ\u00e9tica y bajo consumo de energ\u00eda. Este panel LED est\u00e1 dise\u00f1ado para ser instalado en techos y paredes, brindando una luz brillante y uniforme de tono fr\u00edo (6500K) con un \u00e1ngulo de haz de 120 grados. Con un dise\u00f1o elegante y compacto, este panel LED es f\u00e1cil de instalar y tiene una larga vida \u00fatil.<\/p>\n","protected":false},"excerpt":{"rendered":"<p>El Panel LED Embutido 12W redondo 6500K de WELLMAX es un dispositivo de iluminaci\u00f3n de alta eficiencia energ\u00e9tica y bajo consumo de energ\u00eda. Este panel LED est\u00e1 dise\u00f1ado para ser instalado en techos y paredes, brindando una luz brillante y uniforme de tono fr\u00edo (6500K) con un \u00e1ngulo de haz de 120 grados. Con un dise\u00f1o elegante y compacto, este [&hellip;]<\/p>\n","protected":false},"featured_media":1228,"comment_status":"open","ping_status":"closed","template":"","meta":{"_joinchat":[]},"product_brand":[],"product_cat":[47,44,48,46],"product_tag":[],"class_list":{"0":"post-1229","1":"product","2":"type-product","3":"status-publish","4":"has-post-thumbnail","6":"product_cat-embutidos","7":"product_cat-iluminacion","8":"product_cat-luz-fria-embutido","9":"product_cat-panel-led","11":"first","12":"instock","13":"shipping-taxable","14":"purchasable","15":"product-type-simple"},"ams_default_variation_id":0,"ams_product_points_reward":[],"ams_product_discount_percentage":0,"ams_price_to_display":4500,"ams_acf":[],"jetpack_sharing_enabled":true,"_links":{"self":[{"href":"https:\/\/solucionsolar.cl\/solar\/wp-json\/wp\/v2\/product\/1229","targetHints":{"allow":["GET"]}}],"collection":[{"href":"https:\/\/solucionsolar.cl\/solar\/wp-json\/wp\/v2\/product"}],"about":[{"href":"https:\/\/solucionsolar.cl\/solar\/wp-json\/wp\/v2\/types\/product"}],"replies":[{"embeddable":true,"href":"https:\/\/solucionsolar.cl\/solar\/wp-json\/wp\/v2\/comments?post=1229"}],"wp:featuredmedia":[{"embeddable":true,"href":"https:\/\/solucionsolar.cl\/solar\/wp-json\/wp\/v2\/media\/1228"}],"wp:attachment":[{"href":"https:\/\/solucionsolar.cl\/solar\/wp-json\/wp\/v2\/media?parent=1229"}],"wp:term":[{"taxonomy":"product_brand","embeddable":true,"href":"https:\/\/solucionsolar.cl\/solar\/wp-json\/wp\/v2\/product_brand?post=1229"},{"taxonomy":"product_cat","embeddable":true,"href":"https:\/\/solucionsolar.cl\/solar\/wp-json\/wp\/v2\/product_cat?post=1229"},{"taxonomy":"product_tag","embeddable":true,"href":"https:\/\/solucionsolar.cl\/solar\/wp-json\/wp\/v2\/product_tag?post=1229"}],"curies":[{"name":"wp","href":"https:\/\/api.w.org\/{rel}","templated":true}]}}