{"id":1253,"date":"2023-05-13T22:49:53","date_gmt":"2023-05-13T22:49:53","guid":{"rendered":"https:\/\/solucionsolar.cl\/solar\/producto\/pack-3-foco-led-5w-dirigible-3000k-blanco-vkb\/"},"modified":"2023-05-13T22:49:53","modified_gmt":"2023-05-13T22:49:53","slug":"pack-3-foco-led-5w-dirigible-3000k-blanco-vkb","status":"publish","type":"product","link":"https:\/\/solucionsolar.cl\/solar\/producto\/pack-3-foco-led-5w-dirigible-3000k-blanco-vkb\/","title":{"rendered":"Pack 3 Foco LED 5W dirigible 3000K Blanco VKB"},"content":{"rendered":"<p>Es un conjunto de tres focos LED dirigibles dise\u00f1ados para proporcionar una luz brillante y enfocada. Con una potencia de 5W y una temperatura de color de 3000K, estos focos LED son ideales para la iluminaci\u00f3n de \u00e1reas espec\u00edficas como cuadros, estanter\u00edas y objetos decorativos en el hogar o en espacios comerciales. Su dise\u00f1o dirigible permite ajustar el \u00e1ngulo de iluminaci\u00f3n seg\u00fan sea necesario, y su tecnolog\u00eda LED de bajo consumo de energ\u00eda reduce los costos de electricidad y la emisi\u00f3n de calor. Adem\u00e1s, su larga vida \u00fatil y su alta eficiencia energ\u00e9tica los convierten en una opci\u00f3n rentable y ecol\u00f3gica para la iluminaci\u00f3n enfocada.<\/p>\n","protected":false},"excerpt":{"rendered":"<p>Es un conjunto de tres focos LED dirigibles dise\u00f1ados para proporcionar una luz brillante y enfocada. Con una potencia de 5W y una temperatura de color de 3000K, estos focos LED son ideales para la iluminaci\u00f3n de \u00e1reas espec\u00edficas como cuadros, estanter\u00edas y objetos decorativos en el hogar o en espacios comerciales. Su dise\u00f1o dirigible permite ajustar el \u00e1ngulo de [&hellip;]<\/p>\n","protected":false},"featured_media":1252,"comment_status":"open","ping_status":"closed","template":"","meta":{"_joinchat":[]},"product_brand":[],"product_cat":[44],"product_tag":[],"class_list":{"0":"post-1253","1":"product","2":"type-product","3":"status-publish","4":"has-post-thumbnail","6":"product_cat-iluminacion","8":"first","9":"instock","10":"shipping-taxable","11":"purchasable","12":"product-type-simple"},"ams_default_variation_id":0,"ams_product_points_reward":[],"ams_product_discount_percentage":0,"ams_price_to_display":8000,"ams_acf":[],"jetpack_sharing_enabled":true,"_links":{"self":[{"href":"https:\/\/solucionsolar.cl\/solar\/wp-json\/wp\/v2\/product\/1253","targetHints":{"allow":["GET"]}}],"collection":[{"href":"https:\/\/solucionsolar.cl\/solar\/wp-json\/wp\/v2\/product"}],"about":[{"href":"https:\/\/solucionsolar.cl\/solar\/wp-json\/wp\/v2\/types\/product"}],"replies":[{"embeddable":true,"href":"https:\/\/solucionsolar.cl\/solar\/wp-json\/wp\/v2\/comments?post=1253"}],"wp:featuredmedia":[{"embeddable":true,"href":"https:\/\/solucionsolar.cl\/solar\/wp-json\/wp\/v2\/media\/1252"}],"wp:attachment":[{"href":"https:\/\/solucionsolar.cl\/solar\/wp-json\/wp\/v2\/media?parent=1253"}],"wp:term":[{"taxonomy":"product_brand","embeddable":true,"href":"https:\/\/solucionsolar.cl\/solar\/wp-json\/wp\/v2\/product_brand?post=1253"},{"taxonomy":"product_cat","embeddable":true,"href":"https:\/\/solucionsolar.cl\/solar\/wp-json\/wp\/v2\/product_cat?post=1253"},{"taxonomy":"product_tag","embeddable":true,"href":"https:\/\/solucionsolar.cl\/solar\/wp-json\/wp\/v2\/product_tag?post=1253"}],"curies":[{"name":"wp","href":"https:\/\/api.w.org\/{rel}","templated":true}]}}