{"id":1258,"date":"2023-05-13T22:50:13","date_gmt":"2023-05-13T22:50:13","guid":{"rendered":"https:\/\/solucionsolar.cl\/solar\/producto\/panel-led-40w-cielo-americano-605x605-mm-6000k-vkb\/"},"modified":"2023-05-13T22:50:13","modified_gmt":"2023-05-13T22:50:13","slug":"panel-led-40w-cielo-americano-605x605-mm-6000k-vkb","status":"publish","type":"product","link":"https:\/\/solucionsolar.cl\/solar\/producto\/panel-led-40w-cielo-americano-605x605-mm-6000k-vkb\/","title":{"rendered":"Panel LED 40W cielo americano 605&#215;605 mm 6000K VKB"},"content":{"rendered":"<p>Es una soluci\u00f3n de iluminaci\u00f3n LED empotrada en techo que proporciona una iluminaci\u00f3n uniforme y brillante. Con una potencia de 40W y una temperatura de color de 6000K, esta panel LED es adecuada para aplicaciones que requieren una iluminaci\u00f3n brillante y n\u00edtida, como oficinas, hospitales y espacios comerciales. Su dise\u00f1o delgado y elegante se integra perfectamente en techos tipo cielo americano de 60x60cm, y su instalaci\u00f3n es f\u00e1cil y r\u00e1pida. Adem\u00e1s, su bajo consumo de energ\u00eda y larga vida \u00fatil hacen que sea una opci\u00f3n econ\u00f3mica y rentable para la iluminaci\u00f3n de espacios interiores.<\/p>\n","protected":false},"excerpt":{"rendered":"<p>Es una soluci\u00f3n de iluminaci\u00f3n LED empotrada en techo que proporciona una iluminaci\u00f3n uniforme y brillante. Con una potencia de 40W y una temperatura de color de 6000K, esta panel LED es adecuada para aplicaciones que requieren una iluminaci\u00f3n brillante y n\u00edtida, como oficinas, hospitales y espacios comerciales. Su dise\u00f1o delgado y elegante se integra perfectamente en techos tipo cielo [&hellip;]<\/p>\n","protected":false},"featured_media":1216,"comment_status":"open","ping_status":"closed","template":"","meta":{"_joinchat":[]},"product_brand":[],"product_cat":[44,46],"product_tag":[],"class_list":{"0":"post-1258","1":"product","2":"type-product","3":"status-publish","4":"has-post-thumbnail","6":"product_cat-iluminacion","7":"product_cat-panel-led","9":"first","10":"instock","11":"shipping-taxable","12":"purchasable","13":"product-type-simple"},"ams_default_variation_id":0,"ams_product_points_reward":[],"ams_product_discount_percentage":0,"ams_price_to_display":26500,"ams_acf":[],"jetpack_sharing_enabled":true,"_links":{"self":[{"href":"https:\/\/solucionsolar.cl\/solar\/wp-json\/wp\/v2\/product\/1258","targetHints":{"allow":["GET"]}}],"collection":[{"href":"https:\/\/solucionsolar.cl\/solar\/wp-json\/wp\/v2\/product"}],"about":[{"href":"https:\/\/solucionsolar.cl\/solar\/wp-json\/wp\/v2\/types\/product"}],"replies":[{"embeddable":true,"href":"https:\/\/solucionsolar.cl\/solar\/wp-json\/wp\/v2\/comments?post=1258"}],"wp:featuredmedia":[{"embeddable":true,"href":"https:\/\/solucionsolar.cl\/solar\/wp-json\/wp\/v2\/media\/1216"}],"wp:attachment":[{"href":"https:\/\/solucionsolar.cl\/solar\/wp-json\/wp\/v2\/media?parent=1258"}],"wp:term":[{"taxonomy":"product_brand","embeddable":true,"href":"https:\/\/solucionsolar.cl\/solar\/wp-json\/wp\/v2\/product_brand?post=1258"},{"taxonomy":"product_cat","embeddable":true,"href":"https:\/\/solucionsolar.cl\/solar\/wp-json\/wp\/v2\/product_cat?post=1258"},{"taxonomy":"product_tag","embeddable":true,"href":"https:\/\/solucionsolar.cl\/solar\/wp-json\/wp\/v2\/product_tag?post=1258"}],"curies":[{"name":"wp","href":"https:\/\/api.w.org\/{rel}","templated":true}]}}