{"id":1262,"date":"2023-05-13T22:50:20","date_gmt":"2023-05-13T22:50:20","guid":{"rendered":"https:\/\/solucionsolar.cl\/solar\/producto\/ampolleta-led-100w-e40-6-500k-sec-vkb\/"},"modified":"2023-05-13T22:50:20","modified_gmt":"2023-05-13T22:50:20","slug":"ampolleta-led-100w-e40-6-500k-sec-vkb","status":"publish","type":"product","link":"https:\/\/solucionsolar.cl\/solar\/producto\/ampolleta-led-100w-e40-6-500k-sec-vkb\/","title":{"rendered":"Ampolleta LED 100W E40 6.500K SEC VKB"},"content":{"rendered":"<p>Bombilla LED de alta potencia con una temperatura de color de 6.500K, lo que la hace adecuada para aplicaciones que requieren una iluminaci\u00f3n brillante y n\u00edtida, como almacenes, estacionamientos y espacios industriales. Con su tecnolog\u00eda LED de encendido instant\u00e1neo, ofrece una excelente calidad de luz y un bajo consumo de energ\u00eda en comparaci\u00f3n con las ampolletas convencionales. Su base E40 hace que sea f\u00e1cil de instalar en luminarias compatibles, y su dise\u00f1o resistente la hace adecuada para uso en exteriores y entornos industriales. Adem\u00e1s, su larga vida \u00fatil de hasta 25,000 horas reduce el costo de mantenimiento y reemplazo.<\/p>\n","protected":false},"excerpt":{"rendered":"<p>Bombilla LED de alta potencia con una temperatura de color de 6.500K, lo que la hace adecuada para aplicaciones que requieren una iluminaci\u00f3n brillante y n\u00edtida, como almacenes, estacionamientos y espacios industriales. Con su tecnolog\u00eda LED de encendido instant\u00e1neo, ofrece una excelente calidad de luz y un bajo consumo de energ\u00eda en comparaci\u00f3n con las ampolletas convencionales. Su base E40 [&hellip;]<\/p>\n","protected":false},"featured_media":1261,"comment_status":"open","ping_status":"closed","template":"","meta":{"_joinchat":[]},"product_brand":[],"product_cat":[44],"product_tag":[],"class_list":{"0":"post-1262","1":"product","2":"type-product","3":"status-publish","4":"has-post-thumbnail","6":"product_cat-iluminacion","8":"first","9":"instock","10":"shipping-taxable","11":"purchasable","12":"product-type-simple"},"ams_default_variation_id":0,"ams_product_points_reward":[],"ams_product_discount_percentage":0,"ams_price_to_display":25000,"ams_acf":[],"jetpack_sharing_enabled":true,"_links":{"self":[{"href":"https:\/\/solucionsolar.cl\/solar\/wp-json\/wp\/v2\/product\/1262","targetHints":{"allow":["GET"]}}],"collection":[{"href":"https:\/\/solucionsolar.cl\/solar\/wp-json\/wp\/v2\/product"}],"about":[{"href":"https:\/\/solucionsolar.cl\/solar\/wp-json\/wp\/v2\/types\/product"}],"replies":[{"embeddable":true,"href":"https:\/\/solucionsolar.cl\/solar\/wp-json\/wp\/v2\/comments?post=1262"}],"wp:featuredmedia":[{"embeddable":true,"href":"https:\/\/solucionsolar.cl\/solar\/wp-json\/wp\/v2\/media\/1261"}],"wp:attachment":[{"href":"https:\/\/solucionsolar.cl\/solar\/wp-json\/wp\/v2\/media?parent=1262"}],"wp:term":[{"taxonomy":"product_brand","embeddable":true,"href":"https:\/\/solucionsolar.cl\/solar\/wp-json\/wp\/v2\/product_brand?post=1262"},{"taxonomy":"product_cat","embeddable":true,"href":"https:\/\/solucionsolar.cl\/solar\/wp-json\/wp\/v2\/product_cat?post=1262"},{"taxonomy":"product_tag","embeddable":true,"href":"https:\/\/solucionsolar.cl\/solar\/wp-json\/wp\/v2\/product_tag?post=1262"}],"curies":[{"name":"wp","href":"https:\/\/api.w.org\/{rel}","templated":true}]}}