{"id":1265,"date":"2023-05-13T22:50:24","date_gmt":"2023-05-13T22:50:24","guid":{"rendered":"https:\/\/solucionsolar.cl\/solar\/producto\/ampolleta-led-8w-filamento-ambar-2500k-g95-wellmax\/"},"modified":"2023-05-13T22:50:24","modified_gmt":"2023-05-13T22:50:24","slug":"ampolleta-led-8w-filamento-ambar-2500k-g95-wellmax","status":"publish","type":"product","link":"https:\/\/solucionsolar.cl\/solar\/producto\/ampolleta-led-8w-filamento-ambar-2500k-g95-wellmax\/","title":{"rendered":"Ampolleta LED 8W Filamento Ambar 2500K G95 WELLMAX"},"content":{"rendered":"<p>Bombilla LED de filamento con un dise\u00f1o retro que emite una luz \u00e1mbar c\u00e1lida y suave, creando un ambiente acogedor y agradable. Con una potencia de 8W, esta ampolleta tiene una vida \u00fatil de hasta 25,000 horas y consume menos energ\u00eda que las ampolletas tradicionales. Su dise\u00f1o de filamento flexible proporciona una iluminaci\u00f3n uniforme y suave, similar a las ampolletas incandescentes. Adem\u00e1s, su dise\u00f1o G95 la hace adecuada para aplicaciones decorativas y su vidrio \u00e1mbar la hace ideal para crear un ambiente vintage.<\/p>\n","protected":false},"excerpt":{"rendered":"<p>Bombilla LED de filamento con un dise\u00f1o retro que emite una luz \u00e1mbar c\u00e1lida y suave, creando un ambiente acogedor y agradable. Con una potencia de 8W, esta ampolleta tiene una vida \u00fatil de hasta 25,000 horas y consume menos energ\u00eda que las ampolletas tradicionales. Su dise\u00f1o de filamento flexible proporciona una iluminaci\u00f3n uniforme y suave, similar a las ampolletas [&hellip;]<\/p>\n","protected":false},"featured_media":1264,"comment_status":"open","ping_status":"closed","template":"","meta":{"_joinchat":[]},"product_brand":[],"product_cat":[44],"product_tag":[],"class_list":{"0":"post-1265","1":"product","2":"type-product","3":"status-publish","4":"has-post-thumbnail","6":"product_cat-iluminacion","8":"first","9":"instock","10":"shipping-taxable","11":"purchasable","12":"product-type-simple"},"ams_default_variation_id":0,"ams_product_points_reward":[],"ams_product_discount_percentage":0,"ams_price_to_display":3600,"ams_acf":[],"jetpack_sharing_enabled":true,"_links":{"self":[{"href":"https:\/\/solucionsolar.cl\/solar\/wp-json\/wp\/v2\/product\/1265","targetHints":{"allow":["GET"]}}],"collection":[{"href":"https:\/\/solucionsolar.cl\/solar\/wp-json\/wp\/v2\/product"}],"about":[{"href":"https:\/\/solucionsolar.cl\/solar\/wp-json\/wp\/v2\/types\/product"}],"replies":[{"embeddable":true,"href":"https:\/\/solucionsolar.cl\/solar\/wp-json\/wp\/v2\/comments?post=1265"}],"wp:featuredmedia":[{"embeddable":true,"href":"https:\/\/solucionsolar.cl\/solar\/wp-json\/wp\/v2\/media\/1264"}],"wp:attachment":[{"href":"https:\/\/solucionsolar.cl\/solar\/wp-json\/wp\/v2\/media?parent=1265"}],"wp:term":[{"taxonomy":"product_brand","embeddable":true,"href":"https:\/\/solucionsolar.cl\/solar\/wp-json\/wp\/v2\/product_brand?post=1265"},{"taxonomy":"product_cat","embeddable":true,"href":"https:\/\/solucionsolar.cl\/solar\/wp-json\/wp\/v2\/product_cat?post=1265"},{"taxonomy":"product_tag","embeddable":true,"href":"https:\/\/solucionsolar.cl\/solar\/wp-json\/wp\/v2\/product_tag?post=1265"}],"curies":[{"name":"wp","href":"https:\/\/api.w.org\/{rel}","templated":true}]}}