{"id":1283,"date":"2023-05-13T22:50:54","date_gmt":"2023-05-13T22:50:54","guid":{"rendered":"https:\/\/solucionsolar.cl\/solar\/producto\/ampolleta-led-hammer-ecolite-48w-sec-wellmax\/"},"modified":"2023-05-13T22:50:54","modified_gmt":"2023-05-13T22:50:54","slug":"ampolleta-led-hammer-ecolite-48w-sec-wellmax","status":"publish","type":"product","link":"https:\/\/solucionsolar.cl\/solar\/producto\/ampolleta-led-hammer-ecolite-48w-sec-wellmax\/","title":{"rendered":"Ampolleta LED Hammer Ecolite 48W SEC WELLMAX"},"content":{"rendered":"<p>La ampolleta LED Hammer Ecolite 48W SEC WELLMAX es un tipo de bombilla LED de alta potencia con una vida \u00fatil de hasta 30,000 horas. Tiene un dise\u00f1o de alta eficiencia energ\u00e9tica que proporciona un brillo intenso y uniforme, y su tecnolog\u00eda de encendido instant\u00e1neo la hace ideal para aplicaciones en interiores y exteriores. Adem\u00e1s, su estructura de aluminio disipa el calor de manera efectiva, lo que garantiza una larga duraci\u00f3n y un bajo mantenimiento.<\/p>\n","protected":false},"excerpt":{"rendered":"<p>La ampolleta LED Hammer Ecolite 48W SEC WELLMAX es un tipo de bombilla LED de alta potencia con una vida \u00fatil de hasta 30,000 horas. Tiene un dise\u00f1o de alta eficiencia energ\u00e9tica que proporciona un brillo intenso y uniforme, y su tecnolog\u00eda de encendido instant\u00e1neo la hace ideal para aplicaciones en interiores y exteriores. Adem\u00e1s, su estructura de aluminio disipa [&hellip;]<\/p>\n","protected":false},"featured_media":1282,"comment_status":"open","ping_status":"closed","template":"","meta":{"_joinchat":[]},"product_brand":[],"product_cat":[44],"product_tag":[],"class_list":{"0":"post-1283","1":"product","2":"type-product","3":"status-publish","4":"has-post-thumbnail","6":"product_cat-iluminacion","8":"first","9":"instock","10":"shipping-taxable","11":"purchasable","12":"product-type-simple"},"ams_default_variation_id":0,"ams_product_points_reward":[],"ams_product_discount_percentage":0,"ams_price_to_display":8500,"ams_acf":[],"jetpack_sharing_enabled":true,"_links":{"self":[{"href":"https:\/\/solucionsolar.cl\/solar\/wp-json\/wp\/v2\/product\/1283","targetHints":{"allow":["GET"]}}],"collection":[{"href":"https:\/\/solucionsolar.cl\/solar\/wp-json\/wp\/v2\/product"}],"about":[{"href":"https:\/\/solucionsolar.cl\/solar\/wp-json\/wp\/v2\/types\/product"}],"replies":[{"embeddable":true,"href":"https:\/\/solucionsolar.cl\/solar\/wp-json\/wp\/v2\/comments?post=1283"}],"wp:featuredmedia":[{"embeddable":true,"href":"https:\/\/solucionsolar.cl\/solar\/wp-json\/wp\/v2\/media\/1282"}],"wp:attachment":[{"href":"https:\/\/solucionsolar.cl\/solar\/wp-json\/wp\/v2\/media?parent=1283"}],"wp:term":[{"taxonomy":"product_brand","embeddable":true,"href":"https:\/\/solucionsolar.cl\/solar\/wp-json\/wp\/v2\/product_brand?post=1283"},{"taxonomy":"product_cat","embeddable":true,"href":"https:\/\/solucionsolar.cl\/solar\/wp-json\/wp\/v2\/product_cat?post=1283"},{"taxonomy":"product_tag","embeddable":true,"href":"https:\/\/solucionsolar.cl\/solar\/wp-json\/wp\/v2\/product_tag?post=1283"}],"curies":[{"name":"wp","href":"https:\/\/api.w.org\/{rel}","templated":true}]}}