{"id":1291,"date":"2023-05-13T22:51:05","date_gmt":"2023-05-13T22:51:05","guid":{"rendered":"https:\/\/solucionsolar.cl\/solar\/producto\/canaleta-pvc-40x16mm-2mt-drl\/"},"modified":"2023-05-13T22:51:05","modified_gmt":"2023-05-13T22:51:05","slug":"canaleta-pvc-40x16mm-2mt-drl","status":"publish","type":"product","link":"https:\/\/solucionsolar.cl\/solar\/producto\/canaleta-pvc-40x16mm-2mt-drl\/","title":{"rendered":"Canaleta pvc 40x16mm 2mt DRL"},"content":{"rendered":"<p>La Canaleta pvc 40x16mm 2mt DRL es un accesorio de electricidad utilizado para proteger y organizar los cables el\u00e9ctricos. Est\u00e1 fabricada en PVC de alta calidad, lo que la hace resistente a la corrosi\u00f3n, los rayos UV y la humedad.<\/p>\n","protected":false},"excerpt":{"rendered":"<p>La Canaleta pvc 40x16mm 2mt DRL es un accesorio de electricidad utilizado para proteger y organizar los cables el\u00e9ctricos. Est\u00e1 fabricada en PVC de alta calidad, lo que la hace resistente a la corrosi\u00f3n, los rayos UV y la humedad.<\/p>\n","protected":false},"featured_media":1290,"comment_status":"open","ping_status":"closed","template":"","meta":{"_joinchat":[]},"product_brand":[],"product_cat":[56,16],"product_tag":[],"class_list":{"0":"post-1291","1":"product","2":"type-product","3":"status-publish","4":"has-post-thumbnail","6":"product_cat-canalizacion","7":"product_cat-electricidad","9":"first","10":"instock","11":"shipping-taxable","12":"purchasable","13":"product-type-simple"},"ams_default_variation_id":0,"ams_product_points_reward":[],"ams_product_discount_percentage":0,"ams_price_to_display":1300,"ams_acf":[],"jetpack_sharing_enabled":true,"_links":{"self":[{"href":"https:\/\/solucionsolar.cl\/solar\/wp-json\/wp\/v2\/product\/1291","targetHints":{"allow":["GET"]}}],"collection":[{"href":"https:\/\/solucionsolar.cl\/solar\/wp-json\/wp\/v2\/product"}],"about":[{"href":"https:\/\/solucionsolar.cl\/solar\/wp-json\/wp\/v2\/types\/product"}],"replies":[{"embeddable":true,"href":"https:\/\/solucionsolar.cl\/solar\/wp-json\/wp\/v2\/comments?post=1291"}],"wp:featuredmedia":[{"embeddable":true,"href":"https:\/\/solucionsolar.cl\/solar\/wp-json\/wp\/v2\/media\/1290"}],"wp:attachment":[{"href":"https:\/\/solucionsolar.cl\/solar\/wp-json\/wp\/v2\/media?parent=1291"}],"wp:term":[{"taxonomy":"product_brand","embeddable":true,"href":"https:\/\/solucionsolar.cl\/solar\/wp-json\/wp\/v2\/product_brand?post=1291"},{"taxonomy":"product_cat","embeddable":true,"href":"https:\/\/solucionsolar.cl\/solar\/wp-json\/wp\/v2\/product_cat?post=1291"},{"taxonomy":"product_tag","embeddable":true,"href":"https:\/\/solucionsolar.cl\/solar\/wp-json\/wp\/v2\/product_tag?post=1291"}],"curies":[{"name":"wp","href":"https:\/\/api.w.org\/{rel}","templated":true}]}}