{"id":1293,"date":"2023-05-13T22:51:07","date_gmt":"2023-05-13T22:51:07","guid":{"rendered":"https:\/\/solucionsolar.cl\/solar\/producto\/caja-cuadrada-para-canaleta-65x65x35mm\/"},"modified":"2023-05-13T22:51:07","modified_gmt":"2023-05-13T22:51:07","slug":"caja-cuadrada-para-canaleta-65x65x35mm","status":"publish","type":"product","link":"https:\/\/solucionsolar.cl\/solar\/producto\/caja-cuadrada-para-canaleta-65x65x35mm\/","title":{"rendered":"Caja cuadrada para canaleta 65x65x35mm"},"content":{"rendered":"<p>La caja cuadrada para canaleta 65x65x35mm es un accesorio el\u00e9ctrico dise\u00f1ado para alojar y proteger conexiones el\u00e9ctricas en un entorno de instalaci\u00f3n de canaletas de tama\u00f1o 65x65mm. Est\u00e1 fabricada en pl\u00e1stico resistente y cuenta con una tapa desmontable para un f\u00e1cil acceso y mantenimiento.<\/p>\n","protected":false},"excerpt":{"rendered":"<p>La caja cuadrada para canaleta 65x65x35mm es un accesorio el\u00e9ctrico dise\u00f1ado para alojar y proteger conexiones el\u00e9ctricas en un entorno de instalaci\u00f3n de canaletas de tama\u00f1o 65x65mm. Est\u00e1 fabricada en pl\u00e1stico resistente y cuenta con una tapa desmontable para un f\u00e1cil acceso y mantenimiento.<\/p>\n","protected":false},"featured_media":1292,"comment_status":"open","ping_status":"closed","template":"","meta":{"_joinchat":[]},"product_brand":[],"product_cat":[56,16],"product_tag":[],"class_list":{"0":"post-1293","1":"product","2":"type-product","3":"status-publish","4":"has-post-thumbnail","6":"product_cat-canalizacion","7":"product_cat-electricidad","9":"first","10":"instock","11":"shipping-taxable","12":"purchasable","13":"product-type-simple"},"ams_default_variation_id":0,"ams_product_points_reward":[],"ams_product_discount_percentage":0,"ams_price_to_display":350,"ams_acf":[],"jetpack_sharing_enabled":true,"_links":{"self":[{"href":"https:\/\/solucionsolar.cl\/solar\/wp-json\/wp\/v2\/product\/1293","targetHints":{"allow":["GET"]}}],"collection":[{"href":"https:\/\/solucionsolar.cl\/solar\/wp-json\/wp\/v2\/product"}],"about":[{"href":"https:\/\/solucionsolar.cl\/solar\/wp-json\/wp\/v2\/types\/product"}],"replies":[{"embeddable":true,"href":"https:\/\/solucionsolar.cl\/solar\/wp-json\/wp\/v2\/comments?post=1293"}],"wp:featuredmedia":[{"embeddable":true,"href":"https:\/\/solucionsolar.cl\/solar\/wp-json\/wp\/v2\/media\/1292"}],"wp:attachment":[{"href":"https:\/\/solucionsolar.cl\/solar\/wp-json\/wp\/v2\/media?parent=1293"}],"wp:term":[{"taxonomy":"product_brand","embeddable":true,"href":"https:\/\/solucionsolar.cl\/solar\/wp-json\/wp\/v2\/product_brand?post=1293"},{"taxonomy":"product_cat","embeddable":true,"href":"https:\/\/solucionsolar.cl\/solar\/wp-json\/wp\/v2\/product_cat?post=1293"},{"taxonomy":"product_tag","embeddable":true,"href":"https:\/\/solucionsolar.cl\/solar\/wp-json\/wp\/v2\/product_tag?post=1293"}],"curies":[{"name":"wp","href":"https:\/\/api.w.org\/{rel}","templated":true}]}}