{"id":1295,"date":"2023-05-13T22:51:08","date_gmt":"2023-05-13T22:51:08","guid":{"rendered":"https:\/\/solucionsolar.cl\/solar\/producto\/tapa-terminal-para-canaleta-pvc-20x10mm-lexo\/"},"modified":"2023-05-13T22:51:08","modified_gmt":"2023-05-13T22:51:08","slug":"tapa-terminal-para-canaleta-pvc-20x10mm-lexo","status":"publish","type":"product","link":"https:\/\/solucionsolar.cl\/solar\/producto\/tapa-terminal-para-canaleta-pvc-20x10mm-lexo\/","title":{"rendered":"Tapa terminal para canaleta pvc 20x10mm LEXO"},"content":{"rendered":"<p>La tapa terminal para canaleta PVC 20x10mm LEXO es un accesorio dise\u00f1ado para cerrar el extremo de una canaleta de PVC con medidas de 20x10mm. Est\u00e1 fabricada en material de PVC resistente y cuenta con un sistema de encaje que permite una instalaci\u00f3n f\u00e1cil y segura.<\/p>\n","protected":false},"excerpt":{"rendered":"<p>La tapa terminal para canaleta PVC 20x10mm LEXO es un accesorio dise\u00f1ado para cerrar el extremo de una canaleta de PVC con medidas de 20x10mm. Est\u00e1 fabricada en material de PVC resistente y cuenta con un sistema de encaje que permite una instalaci\u00f3n f\u00e1cil y segura.<\/p>\n","protected":false},"featured_media":1294,"comment_status":"open","ping_status":"closed","template":"","meta":{"_joinchat":[]},"product_brand":[],"product_cat":[56,16],"product_tag":[],"class_list":{"0":"post-1295","1":"product","2":"type-product","3":"status-publish","4":"has-post-thumbnail","6":"product_cat-canalizacion","7":"product_cat-electricidad","9":"first","10":"instock","11":"shipping-taxable","12":"purchasable","13":"product-type-simple"},"ams_default_variation_id":0,"ams_product_points_reward":[],"ams_product_discount_percentage":0,"ams_price_to_display":350,"ams_acf":[],"jetpack_sharing_enabled":true,"_links":{"self":[{"href":"https:\/\/solucionsolar.cl\/solar\/wp-json\/wp\/v2\/product\/1295","targetHints":{"allow":["GET"]}}],"collection":[{"href":"https:\/\/solucionsolar.cl\/solar\/wp-json\/wp\/v2\/product"}],"about":[{"href":"https:\/\/solucionsolar.cl\/solar\/wp-json\/wp\/v2\/types\/product"}],"replies":[{"embeddable":true,"href":"https:\/\/solucionsolar.cl\/solar\/wp-json\/wp\/v2\/comments?post=1295"}],"wp:featuredmedia":[{"embeddable":true,"href":"https:\/\/solucionsolar.cl\/solar\/wp-json\/wp\/v2\/media\/1294"}],"wp:attachment":[{"href":"https:\/\/solucionsolar.cl\/solar\/wp-json\/wp\/v2\/media?parent=1295"}],"wp:term":[{"taxonomy":"product_brand","embeddable":true,"href":"https:\/\/solucionsolar.cl\/solar\/wp-json\/wp\/v2\/product_brand?post=1295"},{"taxonomy":"product_cat","embeddable":true,"href":"https:\/\/solucionsolar.cl\/solar\/wp-json\/wp\/v2\/product_cat?post=1295"},{"taxonomy":"product_tag","embeddable":true,"href":"https:\/\/solucionsolar.cl\/solar\/wp-json\/wp\/v2\/product_tag?post=1295"}],"curies":[{"name":"wp","href":"https:\/\/api.w.org\/{rel}","templated":true}]}}