{"id":1301,"date":"2023-05-13T22:51:20","date_gmt":"2023-05-13T22:51:20","guid":{"rendered":"https:\/\/solucionsolar.cl\/solar\/producto\/angulo-plano-para-canaleta-40x16mm-lexo\/"},"modified":"2023-05-13T22:51:20","modified_gmt":"2023-05-13T22:51:20","slug":"angulo-plano-para-canaleta-40x16mm-lexo","status":"publish","type":"product","link":"https:\/\/solucionsolar.cl\/solar\/producto\/angulo-plano-para-canaleta-40x16mm-lexo\/","title":{"rendered":"\u00c1ngulo plano para canaleta 40x16mm LEXO"},"content":{"rendered":"<p>Un \u00c1ngulo plano para canaleta 40x16mm LEXO es un accesorio que se utiliza para conectar dos secciones de canaleta de PVC de tama\u00f1o similar en un \u00e1ngulo recto. Est\u00e1 hecho de PVC de alta calidad y tiene una forma plana con dos lados que se ajustan perfectamente a las canaletas de 40x16mm.<\/p>\n","protected":false},"excerpt":{"rendered":"<p>Un \u00c1ngulo plano para canaleta 40x16mm LEXO es un accesorio que se utiliza para conectar dos secciones de canaleta de PVC de tama\u00f1o similar en un \u00e1ngulo recto. Est\u00e1 hecho de PVC de alta calidad y tiene una forma plana con dos lados que se ajustan perfectamente a las canaletas de 40x16mm.<\/p>\n","protected":false},"featured_media":1300,"comment_status":"open","ping_status":"closed","template":"","meta":{"_joinchat":[]},"product_brand":[],"product_cat":[56,16],"product_tag":[],"class_list":{"0":"post-1301","1":"product","2":"type-product","3":"status-publish","4":"has-post-thumbnail","6":"product_cat-canalizacion","7":"product_cat-electricidad","9":"first","10":"instock","11":"shipping-taxable","12":"purchasable","13":"product-type-simple"},"ams_default_variation_id":0,"ams_product_points_reward":[],"ams_product_discount_percentage":0,"ams_price_to_display":500,"ams_acf":[],"jetpack_sharing_enabled":true,"_links":{"self":[{"href":"https:\/\/solucionsolar.cl\/solar\/wp-json\/wp\/v2\/product\/1301","targetHints":{"allow":["GET"]}}],"collection":[{"href":"https:\/\/solucionsolar.cl\/solar\/wp-json\/wp\/v2\/product"}],"about":[{"href":"https:\/\/solucionsolar.cl\/solar\/wp-json\/wp\/v2\/types\/product"}],"replies":[{"embeddable":true,"href":"https:\/\/solucionsolar.cl\/solar\/wp-json\/wp\/v2\/comments?post=1301"}],"wp:featuredmedia":[{"embeddable":true,"href":"https:\/\/solucionsolar.cl\/solar\/wp-json\/wp\/v2\/media\/1300"}],"wp:attachment":[{"href":"https:\/\/solucionsolar.cl\/solar\/wp-json\/wp\/v2\/media?parent=1301"}],"wp:term":[{"taxonomy":"product_brand","embeddable":true,"href":"https:\/\/solucionsolar.cl\/solar\/wp-json\/wp\/v2\/product_brand?post=1301"},{"taxonomy":"product_cat","embeddable":true,"href":"https:\/\/solucionsolar.cl\/solar\/wp-json\/wp\/v2\/product_cat?post=1301"},{"taxonomy":"product_tag","embeddable":true,"href":"https:\/\/solucionsolar.cl\/solar\/wp-json\/wp\/v2\/product_tag?post=1301"}],"curies":[{"name":"wp","href":"https:\/\/api.w.org\/{rel}","templated":true}]}}