{"id":1307,"date":"2023-05-13T22:51:38","date_gmt":"2023-05-13T22:51:38","guid":{"rendered":"https:\/\/solucionsolar.cl\/solar\/producto\/aislador-de-carrete-57x54-elexor\/"},"modified":"2023-05-13T22:51:38","modified_gmt":"2023-05-13T22:51:38","slug":"aislador-de-carrete-57x54-elexor","status":"publish","type":"product","link":"https:\/\/solucionsolar.cl\/solar\/producto\/aislador-de-carrete-57x54-elexor\/","title":{"rendered":"Aislador de carrete 57&#215;54 ELEXOR"},"content":{"rendered":"<p>El aislador de carrete 57&#215;54 ELEXOR es un componente el\u00e9ctrico dise\u00f1ado para aislar y soportar cargas el\u00e9ctricas en aplicaciones de alta tensi\u00f3n. Este aislador est\u00e1 construido con material cer\u00e1mico de alta resistencia y consta de un carrete central que ayuda a distribuir uniformemente la carga el\u00e9ctrica a trav\u00e9s del aislador.<\/p>\n","protected":false},"excerpt":{"rendered":"<p>El aislador de carrete 57&#215;54 ELEXOR es un componente el\u00e9ctrico dise\u00f1ado para aislar y soportar cargas el\u00e9ctricas en aplicaciones de alta tensi\u00f3n. Este aislador est\u00e1 construido con material cer\u00e1mico de alta resistencia y consta de un carrete central que ayuda a distribuir uniformemente la carga el\u00e9ctrica a trav\u00e9s del aislador.<\/p>\n","protected":false},"featured_media":1306,"comment_status":"open","ping_status":"closed","template":"","meta":{"_joinchat":[]},"product_brand":[],"product_cat":[57,26],"product_tag":[],"class_list":{"0":"post-1307","1":"product","2":"type-product","3":"status-publish","4":"has-post-thumbnail","6":"product_cat-accesorios","7":"product_cat-empalmes","9":"first","10":"instock","11":"shipping-taxable","12":"purchasable","13":"product-type-simple"},"ams_default_variation_id":0,"ams_product_points_reward":[],"ams_product_discount_percentage":0,"ams_price_to_display":600,"ams_acf":[],"jetpack_sharing_enabled":true,"_links":{"self":[{"href":"https:\/\/solucionsolar.cl\/solar\/wp-json\/wp\/v2\/product\/1307","targetHints":{"allow":["GET"]}}],"collection":[{"href":"https:\/\/solucionsolar.cl\/solar\/wp-json\/wp\/v2\/product"}],"about":[{"href":"https:\/\/solucionsolar.cl\/solar\/wp-json\/wp\/v2\/types\/product"}],"replies":[{"embeddable":true,"href":"https:\/\/solucionsolar.cl\/solar\/wp-json\/wp\/v2\/comments?post=1307"}],"wp:featuredmedia":[{"embeddable":true,"href":"https:\/\/solucionsolar.cl\/solar\/wp-json\/wp\/v2\/media\/1306"}],"wp:attachment":[{"href":"https:\/\/solucionsolar.cl\/solar\/wp-json\/wp\/v2\/media?parent=1307"}],"wp:term":[{"taxonomy":"product_brand","embeddable":true,"href":"https:\/\/solucionsolar.cl\/solar\/wp-json\/wp\/v2\/product_brand?post=1307"},{"taxonomy":"product_cat","embeddable":true,"href":"https:\/\/solucionsolar.cl\/solar\/wp-json\/wp\/v2\/product_cat?post=1307"},{"taxonomy":"product_tag","embeddable":true,"href":"https:\/\/solucionsolar.cl\/solar\/wp-json\/wp\/v2\/product_tag?post=1307"}],"curies":[{"name":"wp","href":"https:\/\/api.w.org\/{rel}","templated":true}]}}