{"id":1310,"date":"2023-05-13T22:51:40","date_gmt":"2023-05-13T22:51:40","guid":{"rendered":"https:\/\/solucionsolar.cl\/solar\/producto\/base-amarra-cable-tipo-chilectra-50-un\/"},"modified":"2023-05-13T22:51:40","modified_gmt":"2023-05-13T22:51:40","slug":"base-amarra-cable-tipo-chilectra-50-un","status":"publish","type":"product","link":"https:\/\/solucionsolar.cl\/solar\/producto\/base-amarra-cable-tipo-chilectra-50-un\/","title":{"rendered":"Base amarra cable tipo Chilectra 50 un"},"content":{"rendered":"<p>La base amarra cable tipo chilectra es un componente el\u00e9ctrico que se utiliza para asegurar y organizar los cables en instalaciones el\u00e9ctricas. Esta base est\u00e1 fabricada en pl\u00e1stico resistente y cuenta con una superficie adhesiva en la parte posterior que permite su fijaci\u00f3n en diferentes superficies.<\/p>\n","protected":false},"excerpt":{"rendered":"<p>La base amarra cable tipo chilectra es un componente el\u00e9ctrico que se utiliza para asegurar y organizar los cables en instalaciones el\u00e9ctricas. Esta base est\u00e1 fabricada en pl\u00e1stico resistente y cuenta con una superficie adhesiva en la parte posterior que permite su fijaci\u00f3n en diferentes superficies.<\/p>\n","protected":false},"featured_media":1308,"comment_status":"open","ping_status":"closed","template":"","meta":{"_joinchat":[]},"product_brand":[],"product_cat":[57,16,26],"product_tag":[],"class_list":{"0":"post-1310","1":"product","2":"type-product","3":"status-publish","4":"has-post-thumbnail","6":"product_cat-accesorios","7":"product_cat-electricidad","8":"product_cat-empalmes","10":"first","11":"instock","12":"shipping-taxable","13":"purchasable","14":"product-type-simple"},"ams_default_variation_id":0,"ams_product_points_reward":[],"ams_product_discount_percentage":0,"ams_price_to_display":3000,"ams_acf":[],"jetpack_sharing_enabled":true,"_links":{"self":[{"href":"https:\/\/solucionsolar.cl\/solar\/wp-json\/wp\/v2\/product\/1310","targetHints":{"allow":["GET"]}}],"collection":[{"href":"https:\/\/solucionsolar.cl\/solar\/wp-json\/wp\/v2\/product"}],"about":[{"href":"https:\/\/solucionsolar.cl\/solar\/wp-json\/wp\/v2\/types\/product"}],"replies":[{"embeddable":true,"href":"https:\/\/solucionsolar.cl\/solar\/wp-json\/wp\/v2\/comments?post=1310"}],"wp:featuredmedia":[{"embeddable":true,"href":"https:\/\/solucionsolar.cl\/solar\/wp-json\/wp\/v2\/media\/1308"}],"wp:attachment":[{"href":"https:\/\/solucionsolar.cl\/solar\/wp-json\/wp\/v2\/media?parent=1310"}],"wp:term":[{"taxonomy":"product_brand","embeddable":true,"href":"https:\/\/solucionsolar.cl\/solar\/wp-json\/wp\/v2\/product_brand?post=1310"},{"taxonomy":"product_cat","embeddable":true,"href":"https:\/\/solucionsolar.cl\/solar\/wp-json\/wp\/v2\/product_cat?post=1310"},{"taxonomy":"product_tag","embeddable":true,"href":"https:\/\/solucionsolar.cl\/solar\/wp-json\/wp\/v2\/product_tag?post=1310"}],"curies":[{"name":"wp","href":"https:\/\/api.w.org\/{rel}","templated":true}]}}