{"id":1312,"date":"2023-05-13T22:51:41","date_gmt":"2023-05-13T22:51:41","guid":{"rendered":"https:\/\/solucionsolar.cl\/solar\/producto\/toma-corriente-doble-10a-titanio-cafe-lexo-nuevo\/"},"modified":"2023-05-13T22:51:41","modified_gmt":"2023-05-13T22:51:41","slug":"toma-corriente-doble-10a-titanio-cafe-lexo-nuevo","status":"publish","type":"product","link":"https:\/\/solucionsolar.cl\/solar\/producto\/toma-corriente-doble-10a-titanio-cafe-lexo-nuevo\/","title":{"rendered":"Toma corriente doble 10A Titanio\/caf\u00e9 LEXO NUEVO"},"content":{"rendered":"<p>El toma corriente doble 10A Titanio\/caf\u00e9 LEXO NUEVO es un dispositivo el\u00e9ctrico dise\u00f1ado para proporcionar dos puntos de conexi\u00f3n para enchufes de 10 amperios. Tiene un acabado en titanio y caf\u00e9, lo que le da una apariencia moderna y elegante.<\/p>\n","protected":false},"excerpt":{"rendered":"<p>El toma corriente doble 10A Titanio\/caf\u00e9 LEXO NUEVO es un dispositivo el\u00e9ctrico dise\u00f1ado para proporcionar dos puntos de conexi\u00f3n para enchufes de 10 amperios. Tiene un acabado en titanio y caf\u00e9, lo que le da una apariencia moderna y elegante.<\/p>\n","protected":false},"featured_media":1311,"comment_status":"open","ping_status":"closed","template":"","meta":{"_joinchat":[]},"product_brand":[],"product_cat":[16],"product_tag":[],"class_list":{"0":"post-1312","1":"product","2":"type-product","3":"status-publish","4":"has-post-thumbnail","6":"product_cat-electricidad","8":"first","9":"instock","10":"shipping-taxable","11":"purchasable","12":"product-type-simple"},"ams_default_variation_id":0,"ams_product_points_reward":[],"ams_product_discount_percentage":0,"ams_price_to_display":2900,"ams_acf":[],"jetpack_sharing_enabled":true,"_links":{"self":[{"href":"https:\/\/solucionsolar.cl\/solar\/wp-json\/wp\/v2\/product\/1312","targetHints":{"allow":["GET"]}}],"collection":[{"href":"https:\/\/solucionsolar.cl\/solar\/wp-json\/wp\/v2\/product"}],"about":[{"href":"https:\/\/solucionsolar.cl\/solar\/wp-json\/wp\/v2\/types\/product"}],"replies":[{"embeddable":true,"href":"https:\/\/solucionsolar.cl\/solar\/wp-json\/wp\/v2\/comments?post=1312"}],"wp:featuredmedia":[{"embeddable":true,"href":"https:\/\/solucionsolar.cl\/solar\/wp-json\/wp\/v2\/media\/1311"}],"wp:attachment":[{"href":"https:\/\/solucionsolar.cl\/solar\/wp-json\/wp\/v2\/media?parent=1312"}],"wp:term":[{"taxonomy":"product_brand","embeddable":true,"href":"https:\/\/solucionsolar.cl\/solar\/wp-json\/wp\/v2\/product_brand?post=1312"},{"taxonomy":"product_cat","embeddable":true,"href":"https:\/\/solucionsolar.cl\/solar\/wp-json\/wp\/v2\/product_cat?post=1312"},{"taxonomy":"product_tag","embeddable":true,"href":"https:\/\/solucionsolar.cl\/solar\/wp-json\/wp\/v2\/product_tag?post=1312"}],"curies":[{"name":"wp","href":"https:\/\/api.w.org\/{rel}","templated":true}]}}