{"id":1314,"date":"2023-05-13T22:51:43","date_gmt":"2023-05-13T22:51:43","guid":{"rendered":"https:\/\/solucionsolar.cl\/solar\/producto\/gabinete-300x200x150mm-ip65-1-puerta-lexo\/"},"modified":"2023-05-13T22:51:43","modified_gmt":"2023-05-13T22:51:43","slug":"gabinete-300x200x150mm-ip65-1-puerta-lexo","status":"publish","type":"product","link":"https:\/\/solucionsolar.cl\/solar\/producto\/gabinete-300x200x150mm-ip65-1-puerta-lexo\/","title":{"rendered":"Gabinete 300x200x150mm IP65 1 Puerta LEXO"},"content":{"rendered":"<p>El Gabinete 300x200x150mm IP65 1 puerta LEXO es una caja de protecci\u00f3n electr\u00f3nica dise\u00f1ada para proteger componentes electr\u00f3nicos y el\u00e9ctricos de agentes externos como polvo, agua y otros contaminantes. Tiene una dimensi\u00f3n externa de 300mm x 200mm x 150mm y cuenta con una puerta que se cierra herm\u00e9ticamente para asegurar la protecci\u00f3n. La clasificaci\u00f3n IP65 indica que es resistente al polvo y al agua, lo que lo hace adecuado para su uso en ambientes hostiles.<\/p>\n","protected":false},"excerpt":{"rendered":"<p>El Gabinete 300x200x150mm IP65 1 puerta LEXO es una caja de protecci\u00f3n electr\u00f3nica dise\u00f1ada para proteger componentes electr\u00f3nicos y el\u00e9ctricos de agentes externos como polvo, agua y otros contaminantes. Tiene una dimensi\u00f3n externa de 300mm x 200mm x 150mm y cuenta con una puerta que se cierra herm\u00e9ticamente para asegurar la protecci\u00f3n. La clasificaci\u00f3n IP65 indica que es resistente al [&hellip;]<\/p>\n","protected":false},"featured_media":1313,"comment_status":"open","ping_status":"closed","template":"","meta":{"_joinchat":[]},"product_brand":[],"product_cat":[16],"product_tag":[],"class_list":{"0":"post-1314","1":"product","2":"type-product","3":"status-publish","4":"has-post-thumbnail","6":"product_cat-electricidad","8":"first","9":"instock","10":"shipping-taxable","11":"purchasable","12":"product-type-simple"},"ams_default_variation_id":0,"ams_product_points_reward":[],"ams_product_discount_percentage":0,"ams_price_to_display":28000,"ams_acf":[],"jetpack_sharing_enabled":true,"_links":{"self":[{"href":"https:\/\/solucionsolar.cl\/solar\/wp-json\/wp\/v2\/product\/1314","targetHints":{"allow":["GET"]}}],"collection":[{"href":"https:\/\/solucionsolar.cl\/solar\/wp-json\/wp\/v2\/product"}],"about":[{"href":"https:\/\/solucionsolar.cl\/solar\/wp-json\/wp\/v2\/types\/product"}],"replies":[{"embeddable":true,"href":"https:\/\/solucionsolar.cl\/solar\/wp-json\/wp\/v2\/comments?post=1314"}],"wp:featuredmedia":[{"embeddable":true,"href":"https:\/\/solucionsolar.cl\/solar\/wp-json\/wp\/v2\/media\/1313"}],"wp:attachment":[{"href":"https:\/\/solucionsolar.cl\/solar\/wp-json\/wp\/v2\/media?parent=1314"}],"wp:term":[{"taxonomy":"product_brand","embeddable":true,"href":"https:\/\/solucionsolar.cl\/solar\/wp-json\/wp\/v2\/product_brand?post=1314"},{"taxonomy":"product_cat","embeddable":true,"href":"https:\/\/solucionsolar.cl\/solar\/wp-json\/wp\/v2\/product_cat?post=1314"},{"taxonomy":"product_tag","embeddable":true,"href":"https:\/\/solucionsolar.cl\/solar\/wp-json\/wp\/v2\/product_tag?post=1314"}],"curies":[{"name":"wp","href":"https:\/\/api.w.org\/{rel}","templated":true}]}}