{"id":1318,"date":"2023-05-13T22:51:45","date_gmt":"2023-05-13T22:51:45","guid":{"rendered":"https:\/\/solucionsolar.cl\/solar\/producto\/gabinete-400x300x200mm-ip65-1-puerta-lexo\/"},"modified":"2023-05-13T22:51:45","modified_gmt":"2023-05-13T22:51:45","slug":"gabinete-400x300x200mm-ip65-1-puerta-lexo","status":"publish","type":"product","link":"https:\/\/solucionsolar.cl\/solar\/producto\/gabinete-400x300x200mm-ip65-1-puerta-lexo\/","title":{"rendered":"Gabinete 400x300x200mm IP65 1 puerta LEXO"},"content":{"rendered":"<p>El Gabinete 400x300x200mm IP65 1 puerta LEXO es un gabinete de protecci\u00f3n el\u00e9ctrica que cuenta con una puerta y est\u00e1 dise\u00f1ado para proteger equipos el\u00e9ctricos y electr\u00f3nicos en ambientes industriales y exteriores. La clasificaci\u00f3n IP65 indica que el gabinete es resistente al polvo y al agua, lo que lo hace ideal para ambientes h\u00famedos o polvorientos.<\/p>\n","protected":false},"excerpt":{"rendered":"<p>El Gabinete 400x300x200mm IP65 1 puerta LEXO es un gabinete de protecci\u00f3n el\u00e9ctrica que cuenta con una puerta y est\u00e1 dise\u00f1ado para proteger equipos el\u00e9ctricos y electr\u00f3nicos en ambientes industriales y exteriores. La clasificaci\u00f3n IP65 indica que el gabinete es resistente al polvo y al agua, lo que lo hace ideal para ambientes h\u00famedos o polvorientos.<\/p>\n","protected":false},"featured_media":1317,"comment_status":"open","ping_status":"closed","template":"","meta":{"_joinchat":[]},"product_brand":[],"product_cat":[16],"product_tag":[],"class_list":{"0":"post-1318","1":"product","2":"type-product","3":"status-publish","4":"has-post-thumbnail","6":"product_cat-electricidad","8":"first","9":"instock","10":"shipping-taxable","11":"purchasable","12":"product-type-simple"},"ams_default_variation_id":0,"ams_product_points_reward":[],"ams_product_discount_percentage":0,"ams_price_to_display":40000,"ams_acf":[],"jetpack_sharing_enabled":true,"_links":{"self":[{"href":"https:\/\/solucionsolar.cl\/solar\/wp-json\/wp\/v2\/product\/1318","targetHints":{"allow":["GET"]}}],"collection":[{"href":"https:\/\/solucionsolar.cl\/solar\/wp-json\/wp\/v2\/product"}],"about":[{"href":"https:\/\/solucionsolar.cl\/solar\/wp-json\/wp\/v2\/types\/product"}],"replies":[{"embeddable":true,"href":"https:\/\/solucionsolar.cl\/solar\/wp-json\/wp\/v2\/comments?post=1318"}],"wp:featuredmedia":[{"embeddable":true,"href":"https:\/\/solucionsolar.cl\/solar\/wp-json\/wp\/v2\/media\/1317"}],"wp:attachment":[{"href":"https:\/\/solucionsolar.cl\/solar\/wp-json\/wp\/v2\/media?parent=1318"}],"wp:term":[{"taxonomy":"product_brand","embeddable":true,"href":"https:\/\/solucionsolar.cl\/solar\/wp-json\/wp\/v2\/product_brand?post=1318"},{"taxonomy":"product_cat","embeddable":true,"href":"https:\/\/solucionsolar.cl\/solar\/wp-json\/wp\/v2\/product_cat?post=1318"},{"taxonomy":"product_tag","embeddable":true,"href":"https:\/\/solucionsolar.cl\/solar\/wp-json\/wp\/v2\/product_tag?post=1318"}],"curies":[{"name":"wp","href":"https:\/\/api.w.org\/{rel}","templated":true}]}}