{"id":1320,"date":"2023-05-13T22:51:47","date_gmt":"2023-05-13T22:51:47","guid":{"rendered":"https:\/\/solucionsolar.cl\/solar\/producto\/gabinete-600x400x200mm-ip65-1-puerta-drl\/"},"modified":"2023-05-13T22:51:47","modified_gmt":"2023-05-13T22:51:47","slug":"gabinete-600x400x200mm-ip65-1-puerta-drl","status":"publish","type":"product","link":"https:\/\/solucionsolar.cl\/solar\/producto\/gabinete-600x400x200mm-ip65-1-puerta-drl\/","title":{"rendered":"Gabinete 600x400x200mm IP65 1 puerta DRL"},"content":{"rendered":"<p>El Gabinete 600x400x200mm IP65 1 puerta DRL es un armario de protecci\u00f3n dise\u00f1ado para alojar y proteger equipos electr\u00f3nicos y el\u00e9ctricos en entornos industriales y exteriores. Con una clasificaci\u00f3n de protecci\u00f3n IP65, este gabinete es resistente al agua, polvo y otros contaminantes ambientales.<\/p>\n","protected":false},"excerpt":{"rendered":"<p>El Gabinete 600x400x200mm IP65 1 puerta DRL es un armario de protecci\u00f3n dise\u00f1ado para alojar y proteger equipos electr\u00f3nicos y el\u00e9ctricos en entornos industriales y exteriores. Con una clasificaci\u00f3n de protecci\u00f3n IP65, este gabinete es resistente al agua, polvo y otros contaminantes ambientales.<\/p>\n","protected":false},"featured_media":1319,"comment_status":"open","ping_status":"closed","template":"","meta":{"_joinchat":[]},"product_brand":[],"product_cat":[16],"product_tag":[],"class_list":{"0":"post-1320","1":"product","2":"type-product","3":"status-publish","4":"has-post-thumbnail","6":"product_cat-electricidad","8":"first","9":"instock","10":"shipping-taxable","11":"purchasable","12":"product-type-simple"},"ams_default_variation_id":0,"ams_product_points_reward":[],"ams_product_discount_percentage":0,"ams_price_to_display":65000,"ams_acf":[],"jetpack_sharing_enabled":true,"_links":{"self":[{"href":"https:\/\/solucionsolar.cl\/solar\/wp-json\/wp\/v2\/product\/1320","targetHints":{"allow":["GET"]}}],"collection":[{"href":"https:\/\/solucionsolar.cl\/solar\/wp-json\/wp\/v2\/product"}],"about":[{"href":"https:\/\/solucionsolar.cl\/solar\/wp-json\/wp\/v2\/types\/product"}],"replies":[{"embeddable":true,"href":"https:\/\/solucionsolar.cl\/solar\/wp-json\/wp\/v2\/comments?post=1320"}],"wp:featuredmedia":[{"embeddable":true,"href":"https:\/\/solucionsolar.cl\/solar\/wp-json\/wp\/v2\/media\/1319"}],"wp:attachment":[{"href":"https:\/\/solucionsolar.cl\/solar\/wp-json\/wp\/v2\/media?parent=1320"}],"wp:term":[{"taxonomy":"product_brand","embeddable":true,"href":"https:\/\/solucionsolar.cl\/solar\/wp-json\/wp\/v2\/product_brand?post=1320"},{"taxonomy":"product_cat","embeddable":true,"href":"https:\/\/solucionsolar.cl\/solar\/wp-json\/wp\/v2\/product_cat?post=1320"},{"taxonomy":"product_tag","embeddable":true,"href":"https:\/\/solucionsolar.cl\/solar\/wp-json\/wp\/v2\/product_tag?post=1320"}],"curies":[{"name":"wp","href":"https:\/\/api.w.org\/{rel}","templated":true}]}}