{"id":1322,"date":"2023-05-13T22:51:49","date_gmt":"2023-05-13T22:51:49","guid":{"rendered":"https:\/\/solucionsolar.cl\/solar\/producto\/tablero-empotrado-pvc-12-polos-lexo\/"},"modified":"2023-05-13T22:51:49","modified_gmt":"2023-05-13T22:51:49","slug":"tablero-empotrado-pvc-12-polos-lexo","status":"publish","type":"product","link":"https:\/\/solucionsolar.cl\/solar\/producto\/tablero-empotrado-pvc-12-polos-lexo\/","title":{"rendered":"Tablero empotrado pvc 12 polos LEXO"},"content":{"rendered":"<p>El Tablero empotrado PVC 12 polos LEXO es un dispositivo el\u00e9ctrico dise\u00f1ado para alojar y proteger los circuitos el\u00e9ctricos de una instalaci\u00f3n. Est\u00e1 fabricado en PVC resistente a la intemperie y cuenta con 12 polos, lo que permite la conexi\u00f3n y distribuci\u00f3n de energ\u00eda el\u00e9ctrica de manera eficiente y segura. Adem\u00e1s, al ser empotrado, se integra de manera discreta y est\u00e9tica en la pared.<\/p>\n","protected":false},"excerpt":{"rendered":"<p>El Tablero empotrado PVC 12 polos LEXO es un dispositivo el\u00e9ctrico dise\u00f1ado para alojar y proteger los circuitos el\u00e9ctricos de una instalaci\u00f3n. Est\u00e1 fabricado en PVC resistente a la intemperie y cuenta con 12 polos, lo que permite la conexi\u00f3n y distribuci\u00f3n de energ\u00eda el\u00e9ctrica de manera eficiente y segura. Adem\u00e1s, al ser empotrado, se integra de manera discreta y [&hellip;]<\/p>\n","protected":false},"featured_media":1321,"comment_status":"open","ping_status":"closed","template":"","meta":{"_joinchat":[]},"product_brand":[],"product_cat":[16],"product_tag":[],"class_list":{"0":"post-1322","1":"product","2":"type-product","3":"status-publish","4":"has-post-thumbnail","6":"product_cat-electricidad","8":"first","9":"instock","10":"shipping-taxable","11":"purchasable","12":"product-type-simple"},"ams_default_variation_id":0,"ams_product_points_reward":[],"ams_product_discount_percentage":0,"ams_price_to_display":9500,"ams_acf":[],"jetpack_sharing_enabled":true,"_links":{"self":[{"href":"https:\/\/solucionsolar.cl\/solar\/wp-json\/wp\/v2\/product\/1322","targetHints":{"allow":["GET"]}}],"collection":[{"href":"https:\/\/solucionsolar.cl\/solar\/wp-json\/wp\/v2\/product"}],"about":[{"href":"https:\/\/solucionsolar.cl\/solar\/wp-json\/wp\/v2\/types\/product"}],"replies":[{"embeddable":true,"href":"https:\/\/solucionsolar.cl\/solar\/wp-json\/wp\/v2\/comments?post=1322"}],"wp:featuredmedia":[{"embeddable":true,"href":"https:\/\/solucionsolar.cl\/solar\/wp-json\/wp\/v2\/media\/1321"}],"wp:attachment":[{"href":"https:\/\/solucionsolar.cl\/solar\/wp-json\/wp\/v2\/media?parent=1322"}],"wp:term":[{"taxonomy":"product_brand","embeddable":true,"href":"https:\/\/solucionsolar.cl\/solar\/wp-json\/wp\/v2\/product_brand?post=1322"},{"taxonomy":"product_cat","embeddable":true,"href":"https:\/\/solucionsolar.cl\/solar\/wp-json\/wp\/v2\/product_cat?post=1322"},{"taxonomy":"product_tag","embeddable":true,"href":"https:\/\/solucionsolar.cl\/solar\/wp-json\/wp\/v2\/product_tag?post=1322"}],"curies":[{"name":"wp","href":"https:\/\/api.w.org\/{rel}","templated":true}]}}