{"id":1330,"date":"2023-05-13T22:51:59","date_gmt":"2023-05-13T22:51:59","guid":{"rendered":"https:\/\/solucionsolar.cl\/solar\/producto\/selector-1-0-2-tipo-pacco-25a-lexo\/"},"modified":"2023-05-13T22:51:59","modified_gmt":"2023-05-13T22:51:59","slug":"selector-1-0-2-tipo-pacco-25a-lexo","status":"publish","type":"product","link":"https:\/\/solucionsolar.cl\/solar\/producto\/selector-1-0-2-tipo-pacco-25a-lexo\/","title":{"rendered":"Selector 1-0-2 tipo PACCO 25A LEXO"},"content":{"rendered":"<p>El Selector 1-0-2 tipo PACCO 25A LEXO es un dispositivo electr\u00f3nico utilizado en instalaciones el\u00e9ctricas para seleccionar una fuente de alimentaci\u00f3n preferida entre dos opciones, o para distribuir la carga entre dos fuentes. Tiene una capacidad de corriente nominal de 25 amperios y est\u00e1 dise\u00f1ado para montaje en riel DIN.<\/p>\n","protected":false},"excerpt":{"rendered":"<p>El Selector 1-0-2 tipo PACCO 25A LEXO es un dispositivo electr\u00f3nico utilizado en instalaciones el\u00e9ctricas para seleccionar una fuente de alimentaci\u00f3n preferida entre dos opciones, o para distribuir la carga entre dos fuentes. Tiene una capacidad de corriente nominal de 25 amperios y est\u00e1 dise\u00f1ado para montaje en riel DIN.<\/p>\n","protected":false},"featured_media":1329,"comment_status":"open","ping_status":"closed","template":"","meta":{"_joinchat":[]},"product_brand":[],"product_cat":[16],"product_tag":[],"class_list":{"0":"post-1330","1":"product","2":"type-product","3":"status-publish","4":"has-post-thumbnail","6":"product_cat-electricidad","8":"first","9":"instock","10":"shipping-taxable","11":"purchasable","12":"product-type-simple"},"ams_default_variation_id":0,"ams_product_points_reward":[],"ams_product_discount_percentage":0,"ams_price_to_display":12000,"ams_acf":[],"jetpack_sharing_enabled":true,"_links":{"self":[{"href":"https:\/\/solucionsolar.cl\/solar\/wp-json\/wp\/v2\/product\/1330","targetHints":{"allow":["GET"]}}],"collection":[{"href":"https:\/\/solucionsolar.cl\/solar\/wp-json\/wp\/v2\/product"}],"about":[{"href":"https:\/\/solucionsolar.cl\/solar\/wp-json\/wp\/v2\/types\/product"}],"replies":[{"embeddable":true,"href":"https:\/\/solucionsolar.cl\/solar\/wp-json\/wp\/v2\/comments?post=1330"}],"wp:featuredmedia":[{"embeddable":true,"href":"https:\/\/solucionsolar.cl\/solar\/wp-json\/wp\/v2\/media\/1329"}],"wp:attachment":[{"href":"https:\/\/solucionsolar.cl\/solar\/wp-json\/wp\/v2\/media?parent=1330"}],"wp:term":[{"taxonomy":"product_brand","embeddable":true,"href":"https:\/\/solucionsolar.cl\/solar\/wp-json\/wp\/v2\/product_brand?post=1330"},{"taxonomy":"product_cat","embeddable":true,"href":"https:\/\/solucionsolar.cl\/solar\/wp-json\/wp\/v2\/product_cat?post=1330"},{"taxonomy":"product_tag","embeddable":true,"href":"https:\/\/solucionsolar.cl\/solar\/wp-json\/wp\/v2\/product_tag?post=1330"}],"curies":[{"name":"wp","href":"https:\/\/api.w.org\/{rel}","templated":true}]}}