{"id":1334,"date":"2023-05-13T22:52:08","date_gmt":"2023-05-13T22:52:08","guid":{"rendered":"https:\/\/solucionsolar.cl\/solar\/producto\/toma-corriente-duplex-10a-plata-blanco-lexo-nuevo\/"},"modified":"2023-05-13T22:52:08","modified_gmt":"2023-05-13T22:52:08","slug":"toma-corriente-duplex-10a-plata-blanco-lexo-nuevo","status":"publish","type":"product","link":"https:\/\/solucionsolar.cl\/solar\/producto\/toma-corriente-duplex-10a-plata-blanco-lexo-nuevo\/","title":{"rendered":"Toma corriente Duplex 10A Plata\/Blanco LEXO NUEVO"},"content":{"rendered":"<p>El toma corriente Duplex 10A Plata\/Blanco LEXO NUEVO es un dispositivo el\u00e9ctrico dise\u00f1ado para proporcionar una fuente de energ\u00eda el\u00e9ctrica en instalaciones residenciales, comerciales e industriales. Este toma corriente cuenta con dos tomas de corriente de 10 amperios cada una, que permiten la conexi\u00f3n simult\u00e1nea de dos dispositivos electr\u00f3nicos.<\/p>\n","protected":false},"excerpt":{"rendered":"<p>El toma corriente Duplex 10A Plata\/Blanco LEXO NUEVO es un dispositivo el\u00e9ctrico dise\u00f1ado para proporcionar una fuente de energ\u00eda el\u00e9ctrica en instalaciones residenciales, comerciales e industriales. Este toma corriente cuenta con dos tomas de corriente de 10 amperios cada una, que permiten la conexi\u00f3n simult\u00e1nea de dos dispositivos electr\u00f3nicos.<\/p>\n","protected":false},"featured_media":1333,"comment_status":"open","ping_status":"closed","template":"","meta":{"_joinchat":[]},"product_brand":[],"product_cat":[16],"product_tag":[],"class_list":{"0":"post-1334","1":"product","2":"type-product","3":"status-publish","4":"has-post-thumbnail","6":"product_cat-electricidad","8":"first","9":"instock","10":"shipping-taxable","11":"purchasable","12":"product-type-simple"},"ams_default_variation_id":0,"ams_product_points_reward":[],"ams_product_discount_percentage":0,"ams_price_to_display":3000,"ams_acf":[],"jetpack_sharing_enabled":true,"_links":{"self":[{"href":"https:\/\/solucionsolar.cl\/solar\/wp-json\/wp\/v2\/product\/1334","targetHints":{"allow":["GET"]}}],"collection":[{"href":"https:\/\/solucionsolar.cl\/solar\/wp-json\/wp\/v2\/product"}],"about":[{"href":"https:\/\/solucionsolar.cl\/solar\/wp-json\/wp\/v2\/types\/product"}],"replies":[{"embeddable":true,"href":"https:\/\/solucionsolar.cl\/solar\/wp-json\/wp\/v2\/comments?post=1334"}],"wp:featuredmedia":[{"embeddable":true,"href":"https:\/\/solucionsolar.cl\/solar\/wp-json\/wp\/v2\/media\/1333"}],"wp:attachment":[{"href":"https:\/\/solucionsolar.cl\/solar\/wp-json\/wp\/v2\/media?parent=1334"}],"wp:term":[{"taxonomy":"product_brand","embeddable":true,"href":"https:\/\/solucionsolar.cl\/solar\/wp-json\/wp\/v2\/product_brand?post=1334"},{"taxonomy":"product_cat","embeddable":true,"href":"https:\/\/solucionsolar.cl\/solar\/wp-json\/wp\/v2\/product_cat?post=1334"},{"taxonomy":"product_tag","embeddable":true,"href":"https:\/\/solucionsolar.cl\/solar\/wp-json\/wp\/v2\/product_tag?post=1334"}],"curies":[{"name":"wp","href":"https:\/\/api.w.org\/{rel}","templated":true}]}}