{"id":1336,"date":"2023-05-13T22:52:14","date_gmt":"2023-05-13T22:52:14","guid":{"rendered":"https:\/\/solucionsolar.cl\/solar\/producto\/base-autoadhesiva-28x28mm-negra-lexo\/"},"modified":"2023-05-13T22:52:14","modified_gmt":"2023-05-13T22:52:14","slug":"base-autoadhesiva-28x28mm-negra-lexo","status":"publish","type":"product","link":"https:\/\/solucionsolar.cl\/solar\/producto\/base-autoadhesiva-28x28mm-negra-lexo\/","title":{"rendered":"Base autoadhesiva 28x28mm Negra LEXO"},"content":{"rendered":"<p>La base autoadhesiva 28x28mm Negra LEXO es un componente de fijaci\u00f3n que cuenta con un adhesivo en su parte inferior para una f\u00e1cil instalaci\u00f3n en superficies planas. Tiene un tama\u00f1o de 28x28mm y su color es blanco. Esta base puede utilizarse para la fijaci\u00f3n de cables y otros elementos similares en diferentes tipos de superficies.<\/p>\n","protected":false},"excerpt":{"rendered":"<p>La base autoadhesiva 28x28mm Negra LEXO es un componente de fijaci\u00f3n que cuenta con un adhesivo en su parte inferior para una f\u00e1cil instalaci\u00f3n en superficies planas. Tiene un tama\u00f1o de 28x28mm y su color es blanco. Esta base puede utilizarse para la fijaci\u00f3n de cables y otros elementos similares en diferentes tipos de superficies.<\/p>\n","protected":false},"featured_media":1335,"comment_status":"open","ping_status":"closed","template":"","meta":{"_joinchat":[]},"product_brand":[],"product_cat":[16],"product_tag":[],"class_list":{"0":"post-1336","1":"product","2":"type-product","3":"status-publish","4":"has-post-thumbnail","6":"product_cat-electricidad","8":"first","9":"instock","10":"shipping-taxable","11":"purchasable","12":"product-type-simple"},"ams_default_variation_id":0,"ams_product_points_reward":[],"ams_product_discount_percentage":0,"ams_price_to_display":60,"ams_acf":[],"jetpack_sharing_enabled":true,"_links":{"self":[{"href":"https:\/\/solucionsolar.cl\/solar\/wp-json\/wp\/v2\/product\/1336","targetHints":{"allow":["GET"]}}],"collection":[{"href":"https:\/\/solucionsolar.cl\/solar\/wp-json\/wp\/v2\/product"}],"about":[{"href":"https:\/\/solucionsolar.cl\/solar\/wp-json\/wp\/v2\/types\/product"}],"replies":[{"embeddable":true,"href":"https:\/\/solucionsolar.cl\/solar\/wp-json\/wp\/v2\/comments?post=1336"}],"wp:featuredmedia":[{"embeddable":true,"href":"https:\/\/solucionsolar.cl\/solar\/wp-json\/wp\/v2\/media\/1335"}],"wp:attachment":[{"href":"https:\/\/solucionsolar.cl\/solar\/wp-json\/wp\/v2\/media?parent=1336"}],"wp:term":[{"taxonomy":"product_brand","embeddable":true,"href":"https:\/\/solucionsolar.cl\/solar\/wp-json\/wp\/v2\/product_brand?post=1336"},{"taxonomy":"product_cat","embeddable":true,"href":"https:\/\/solucionsolar.cl\/solar\/wp-json\/wp\/v2\/product_cat?post=1336"},{"taxonomy":"product_tag","embeddable":true,"href":"https:\/\/solucionsolar.cl\/solar\/wp-json\/wp\/v2\/product_tag?post=1336"}],"curies":[{"name":"wp","href":"https:\/\/api.w.org\/{rel}","templated":true}]}}