{"id":1340,"date":"2023-05-13T22:52:21","date_gmt":"2023-05-13T22:52:21","guid":{"rendered":"https:\/\/solucionsolar.cl\/solar\/producto\/tablero-empotrado-pvc-6-polos-drl\/"},"modified":"2023-05-13T22:52:21","modified_gmt":"2023-05-13T22:52:21","slug":"tablero-empotrado-pvc-6-polos-drl","status":"publish","type":"product","link":"https:\/\/solucionsolar.cl\/solar\/producto\/tablero-empotrado-pvc-6-polos-drl\/","title":{"rendered":"Tablero empotrado pvc 6 polos  DRL"},"content":{"rendered":"<p>Un tablero empotrado PVC 6 polos DRL es un dispositivo el\u00e9ctrico que consta de un tablero de montaje en pared, que se instala empotrado en la superficie de una pared, y que contiene 6 polos para la conexi\u00f3n de circuitos el\u00e9ctricos. El tablero est\u00e1 hecho de PVC, un material pl\u00e1stico duradero y resistente, que ofrece protecci\u00f3n contra el fuego y otros peligros el\u00e9ctricos.<\/p>\n","protected":false},"excerpt":{"rendered":"<p>Un tablero empotrado PVC 6 polos DRL es un dispositivo el\u00e9ctrico que consta de un tablero de montaje en pared, que se instala empotrado en la superficie de una pared, y que contiene 6 polos para la conexi\u00f3n de circuitos el\u00e9ctricos. El tablero est\u00e1 hecho de PVC, un material pl\u00e1stico duradero y resistente, que ofrece protecci\u00f3n contra el fuego y [&hellip;]<\/p>\n","protected":false},"featured_media":1339,"comment_status":"open","ping_status":"closed","template":"","meta":{"_joinchat":[]},"product_brand":[],"product_cat":[16],"product_tag":[],"class_list":{"0":"post-1340","1":"product","2":"type-product","3":"status-publish","4":"has-post-thumbnail","6":"product_cat-electricidad","8":"first","9":"instock","10":"shipping-taxable","11":"purchasable","12":"product-type-simple"},"ams_default_variation_id":0,"ams_product_points_reward":[],"ams_product_discount_percentage":0,"ams_price_to_display":6500,"ams_acf":[],"jetpack_sharing_enabled":true,"_links":{"self":[{"href":"https:\/\/solucionsolar.cl\/solar\/wp-json\/wp\/v2\/product\/1340","targetHints":{"allow":["GET"]}}],"collection":[{"href":"https:\/\/solucionsolar.cl\/solar\/wp-json\/wp\/v2\/product"}],"about":[{"href":"https:\/\/solucionsolar.cl\/solar\/wp-json\/wp\/v2\/types\/product"}],"replies":[{"embeddable":true,"href":"https:\/\/solucionsolar.cl\/solar\/wp-json\/wp\/v2\/comments?post=1340"}],"wp:featuredmedia":[{"embeddable":true,"href":"https:\/\/solucionsolar.cl\/solar\/wp-json\/wp\/v2\/media\/1339"}],"wp:attachment":[{"href":"https:\/\/solucionsolar.cl\/solar\/wp-json\/wp\/v2\/media?parent=1340"}],"wp:term":[{"taxonomy":"product_brand","embeddable":true,"href":"https:\/\/solucionsolar.cl\/solar\/wp-json\/wp\/v2\/product_brand?post=1340"},{"taxonomy":"product_cat","embeddable":true,"href":"https:\/\/solucionsolar.cl\/solar\/wp-json\/wp\/v2\/product_cat?post=1340"},{"taxonomy":"product_tag","embeddable":true,"href":"https:\/\/solucionsolar.cl\/solar\/wp-json\/wp\/v2\/product_tag?post=1340"}],"curies":[{"name":"wp","href":"https:\/\/api.w.org\/{rel}","templated":true}]}}