{"id":1350,"date":"2023-05-13T22:52:34","date_gmt":"2023-05-13T22:52:34","guid":{"rendered":"https:\/\/solucionsolar.cl\/solar\/producto\/caja-estanca-80x80x40mm-lisa-zama\/"},"modified":"2023-05-13T22:52:34","modified_gmt":"2023-05-13T22:52:34","slug":"caja-estanca-80x80x40mm-lisa-zama","status":"publish","type":"product","link":"https:\/\/solucionsolar.cl\/solar\/producto\/caja-estanca-80x80x40mm-lisa-zama\/","title":{"rendered":"Caja estanca 80x80x40mm lisa ZAMA"},"content":{"rendered":"<p>La caja estanca 80x80x40mm lisa ZAMA es una caja de protecci\u00f3n el\u00e9ctrica de tama\u00f1o peque\u00f1o, hecha de material de aleaci\u00f3n de zinc (ZAMA). Es resistente al agua y al polvo, y se utiliza com\u00fanmente para alojar dispositivos el\u00e9ctricos en aplicaciones en interiores o exteriores. La caja est\u00e1 dise\u00f1ada para ser instalada en superficies planas y cuenta con una tapa que se puede fijar con tornillos para asegurar que el contenido de la caja est\u00e9 protegido.<\/p>\n","protected":false},"excerpt":{"rendered":"<p>La caja estanca 80x80x40mm lisa ZAMA es una caja de protecci\u00f3n el\u00e9ctrica de tama\u00f1o peque\u00f1o, hecha de material de aleaci\u00f3n de zinc (ZAMA). Es resistente al agua y al polvo, y se utiliza com\u00fanmente para alojar dispositivos el\u00e9ctricos en aplicaciones en interiores o exteriores. La caja est\u00e1 dise\u00f1ada para ser instalada en superficies planas y cuenta con una tapa que [&hellip;]<\/p>\n","protected":false},"featured_media":1349,"comment_status":"open","ping_status":"closed","template":"","meta":{"_joinchat":[]},"product_brand":[],"product_cat":[16],"product_tag":[],"class_list":{"0":"post-1350","1":"product","2":"type-product","3":"status-publish","4":"has-post-thumbnail","6":"product_cat-electricidad","8":"first","9":"instock","10":"shipping-taxable","11":"purchasable","12":"product-type-simple"},"ams_default_variation_id":0,"ams_product_points_reward":[],"ams_product_discount_percentage":0,"ams_price_to_display":1300,"ams_acf":[],"jetpack_sharing_enabled":true,"_links":{"self":[{"href":"https:\/\/solucionsolar.cl\/solar\/wp-json\/wp\/v2\/product\/1350","targetHints":{"allow":["GET"]}}],"collection":[{"href":"https:\/\/solucionsolar.cl\/solar\/wp-json\/wp\/v2\/product"}],"about":[{"href":"https:\/\/solucionsolar.cl\/solar\/wp-json\/wp\/v2\/types\/product"}],"replies":[{"embeddable":true,"href":"https:\/\/solucionsolar.cl\/solar\/wp-json\/wp\/v2\/comments?post=1350"}],"wp:featuredmedia":[{"embeddable":true,"href":"https:\/\/solucionsolar.cl\/solar\/wp-json\/wp\/v2\/media\/1349"}],"wp:attachment":[{"href":"https:\/\/solucionsolar.cl\/solar\/wp-json\/wp\/v2\/media?parent=1350"}],"wp:term":[{"taxonomy":"product_brand","embeddable":true,"href":"https:\/\/solucionsolar.cl\/solar\/wp-json\/wp\/v2\/product_brand?post=1350"},{"taxonomy":"product_cat","embeddable":true,"href":"https:\/\/solucionsolar.cl\/solar\/wp-json\/wp\/v2\/product_cat?post=1350"},{"taxonomy":"product_tag","embeddable":true,"href":"https:\/\/solucionsolar.cl\/solar\/wp-json\/wp\/v2\/product_tag?post=1350"}],"curies":[{"name":"wp","href":"https:\/\/api.w.org\/{rel}","templated":true}]}}