{"id":1352,"date":"2023-05-13T22:52:35","date_gmt":"2023-05-13T22:52:35","guid":{"rendered":"https:\/\/solucionsolar.cl\/solar\/producto\/caja-estanca-100x100x60mm-lisa-zama\/"},"modified":"2023-05-13T22:52:35","modified_gmt":"2023-05-13T22:52:35","slug":"caja-estanca-100x100x60mm-lisa-zama","status":"publish","type":"product","link":"https:\/\/solucionsolar.cl\/solar\/producto\/caja-estanca-100x100x60mm-lisa-zama\/","title":{"rendered":"Caja estanca 100x100x60mm lisa ZAMA"},"content":{"rendered":"<p>La caja estanca lisa ZAMA tiene un tama\u00f1o de 100x100x60mm y est\u00e1 dise\u00f1ada para proteger los componentes el\u00e9ctricos de condiciones ambientales adversas. Est\u00e1 fabricada en un material resistente y duradero para garantizar la protecci\u00f3n de los componentes en cualquier situaci\u00f3n.<\/p>\n","protected":false},"excerpt":{"rendered":"<p>La caja estanca lisa ZAMA tiene un tama\u00f1o de 100x100x60mm y est\u00e1 dise\u00f1ada para proteger los componentes el\u00e9ctricos de condiciones ambientales adversas. Est\u00e1 fabricada en un material resistente y duradero para garantizar la protecci\u00f3n de los componentes en cualquier situaci\u00f3n.<\/p>\n","protected":false},"featured_media":1351,"comment_status":"open","ping_status":"closed","template":"","meta":{"_joinchat":[]},"product_brand":[],"product_cat":[16],"product_tag":[],"class_list":{"0":"post-1352","1":"product","2":"type-product","3":"status-publish","4":"has-post-thumbnail","6":"product_cat-electricidad","8":"first","9":"instock","10":"shipping-taxable","11":"purchasable","12":"product-type-simple"},"ams_default_variation_id":0,"ams_product_points_reward":[],"ams_product_discount_percentage":0,"ams_price_to_display":2000,"ams_acf":[],"jetpack_sharing_enabled":true,"_links":{"self":[{"href":"https:\/\/solucionsolar.cl\/solar\/wp-json\/wp\/v2\/product\/1352","targetHints":{"allow":["GET"]}}],"collection":[{"href":"https:\/\/solucionsolar.cl\/solar\/wp-json\/wp\/v2\/product"}],"about":[{"href":"https:\/\/solucionsolar.cl\/solar\/wp-json\/wp\/v2\/types\/product"}],"replies":[{"embeddable":true,"href":"https:\/\/solucionsolar.cl\/solar\/wp-json\/wp\/v2\/comments?post=1352"}],"wp:featuredmedia":[{"embeddable":true,"href":"https:\/\/solucionsolar.cl\/solar\/wp-json\/wp\/v2\/media\/1351"}],"wp:attachment":[{"href":"https:\/\/solucionsolar.cl\/solar\/wp-json\/wp\/v2\/media?parent=1352"}],"wp:term":[{"taxonomy":"product_brand","embeddable":true,"href":"https:\/\/solucionsolar.cl\/solar\/wp-json\/wp\/v2\/product_brand?post=1352"},{"taxonomy":"product_cat","embeddable":true,"href":"https:\/\/solucionsolar.cl\/solar\/wp-json\/wp\/v2\/product_cat?post=1352"},{"taxonomy":"product_tag","embeddable":true,"href":"https:\/\/solucionsolar.cl\/solar\/wp-json\/wp\/v2\/product_tag?post=1352"}],"curies":[{"name":"wp","href":"https:\/\/api.w.org\/{rel}","templated":true}]}}