{"id":1354,"date":"2023-05-13T22:52:37","date_gmt":"2023-05-13T22:52:37","guid":{"rendered":"https:\/\/solucionsolar.cl\/solar\/producto\/extractor-10-cuadrado-drl\/"},"modified":"2023-05-13T22:52:37","modified_gmt":"2023-05-13T22:52:37","slug":"extractor-10-cuadrado-drl","status":"publish","type":"product","link":"https:\/\/solucionsolar.cl\/solar\/producto\/extractor-10-cuadrado-drl\/","title":{"rendered":"Extractor 10&#8243; cuadrado DRL"},"content":{"rendered":"<p>El extractor 10&#8243; cuadrado de DRL es un dispositivo utilizado para ventilar el aire en espacios cerrados, como ba\u00f1os o cocinas. Tiene una forma cuadrada y un di\u00e1metro de 10 pulgadas (25.4 cm) para una mejor eficiencia de ventilaci\u00f3n.<\/p>\n","protected":false},"excerpt":{"rendered":"<p>El extractor 10&#8243; cuadrado de DRL es un dispositivo utilizado para ventilar el aire en espacios cerrados, como ba\u00f1os o cocinas. Tiene una forma cuadrada y un di\u00e1metro de 10 pulgadas (25.4 cm) para una mejor eficiencia de ventilaci\u00f3n.<\/p>\n","protected":false},"featured_media":1353,"comment_status":"open","ping_status":"closed","template":"","meta":{"_joinchat":[]},"product_brand":[],"product_cat":[16,41],"product_tag":[],"class_list":{"0":"post-1354","1":"product","2":"type-product","3":"status-publish","4":"has-post-thumbnail","6":"product_cat-electricidad","7":"product_cat-extractores","9":"first","10":"instock","11":"shipping-taxable","12":"purchasable","13":"product-type-simple"},"ams_default_variation_id":0,"ams_product_points_reward":[],"ams_product_discount_percentage":0,"ams_price_to_display":16500,"ams_acf":[],"jetpack_sharing_enabled":true,"_links":{"self":[{"href":"https:\/\/solucionsolar.cl\/solar\/wp-json\/wp\/v2\/product\/1354","targetHints":{"allow":["GET"]}}],"collection":[{"href":"https:\/\/solucionsolar.cl\/solar\/wp-json\/wp\/v2\/product"}],"about":[{"href":"https:\/\/solucionsolar.cl\/solar\/wp-json\/wp\/v2\/types\/product"}],"replies":[{"embeddable":true,"href":"https:\/\/solucionsolar.cl\/solar\/wp-json\/wp\/v2\/comments?post=1354"}],"wp:featuredmedia":[{"embeddable":true,"href":"https:\/\/solucionsolar.cl\/solar\/wp-json\/wp\/v2\/media\/1353"}],"wp:attachment":[{"href":"https:\/\/solucionsolar.cl\/solar\/wp-json\/wp\/v2\/media?parent=1354"}],"wp:term":[{"taxonomy":"product_brand","embeddable":true,"href":"https:\/\/solucionsolar.cl\/solar\/wp-json\/wp\/v2\/product_brand?post=1354"},{"taxonomy":"product_cat","embeddable":true,"href":"https:\/\/solucionsolar.cl\/solar\/wp-json\/wp\/v2\/product_cat?post=1354"},{"taxonomy":"product_tag","embeddable":true,"href":"https:\/\/solucionsolar.cl\/solar\/wp-json\/wp\/v2\/product_tag?post=1354"}],"curies":[{"name":"wp","href":"https:\/\/api.w.org\/{rel}","templated":true}]}}