{"id":1357,"date":"2023-05-13T22:52:42","date_gmt":"2023-05-13T22:52:42","guid":{"rendered":"https:\/\/solucionsolar.cl\/solar\/producto\/caja-estanca-220x170x95mm-lisa-zama\/"},"modified":"2023-05-13T22:52:42","modified_gmt":"2023-05-13T22:52:42","slug":"caja-estanca-220x170x95mm-lisa-zama","status":"publish","type":"product","link":"https:\/\/solucionsolar.cl\/solar\/producto\/caja-estanca-220x170x95mm-lisa-zama\/","title":{"rendered":"Caja estanca 220x170x95mm lisa ZAMA"},"content":{"rendered":"<p>La caja estanca de 220x170x95mm lisa ZAMA es un recinto protector que protege el equipo el\u00e9ctrico y electr\u00f3nico de la humedad, el polvo y otros elementos que puedan da\u00f1arlo. Est\u00e1 hecha de aleaci\u00f3n de zinc y aluminio, lo que la hace resistente y duradera. Tiene un dise\u00f1o liso y rectangular con una tapa desmontable.<\/p>\n","protected":false},"excerpt":{"rendered":"<p>La caja estanca de 220x170x95mm lisa ZAMA es un recinto protector que protege el equipo el\u00e9ctrico y electr\u00f3nico de la humedad, el polvo y otros elementos que puedan da\u00f1arlo. Est\u00e1 hecha de aleaci\u00f3n de zinc y aluminio, lo que la hace resistente y duradera. Tiene un dise\u00f1o liso y rectangular con una tapa desmontable.<\/p>\n","protected":false},"featured_media":1356,"comment_status":"open","ping_status":"closed","template":"","meta":{"_joinchat":[]},"product_brand":[],"product_cat":[16],"product_tag":[],"class_list":{"0":"post-1357","1":"product","2":"type-product","3":"status-publish","4":"has-post-thumbnail","6":"product_cat-electricidad","8":"first","9":"instock","10":"shipping-taxable","11":"purchasable","12":"product-type-simple"},"ams_default_variation_id":0,"ams_product_points_reward":[],"ams_product_discount_percentage":0,"ams_price_to_display":6000,"ams_acf":[],"jetpack_sharing_enabled":true,"_links":{"self":[{"href":"https:\/\/solucionsolar.cl\/solar\/wp-json\/wp\/v2\/product\/1357","targetHints":{"allow":["GET"]}}],"collection":[{"href":"https:\/\/solucionsolar.cl\/solar\/wp-json\/wp\/v2\/product"}],"about":[{"href":"https:\/\/solucionsolar.cl\/solar\/wp-json\/wp\/v2\/types\/product"}],"replies":[{"embeddable":true,"href":"https:\/\/solucionsolar.cl\/solar\/wp-json\/wp\/v2\/comments?post=1357"}],"wp:featuredmedia":[{"embeddable":true,"href":"https:\/\/solucionsolar.cl\/solar\/wp-json\/wp\/v2\/media\/1356"}],"wp:attachment":[{"href":"https:\/\/solucionsolar.cl\/solar\/wp-json\/wp\/v2\/media?parent=1357"}],"wp:term":[{"taxonomy":"product_brand","embeddable":true,"href":"https:\/\/solucionsolar.cl\/solar\/wp-json\/wp\/v2\/product_brand?post=1357"},{"taxonomy":"product_cat","embeddable":true,"href":"https:\/\/solucionsolar.cl\/solar\/wp-json\/wp\/v2\/product_cat?post=1357"},{"taxonomy":"product_tag","embeddable":true,"href":"https:\/\/solucionsolar.cl\/solar\/wp-json\/wp\/v2\/product_tag?post=1357"}],"curies":[{"name":"wp","href":"https:\/\/api.w.org\/{rel}","templated":true}]}}