{"id":1361,"date":"2023-05-13T22:52:48","date_gmt":"2023-05-13T22:52:48","guid":{"rendered":"https:\/\/solucionsolar.cl\/solar\/producto\/z-tablero-sobrepuesto-pvc-18-polos-lexo\/"},"modified":"2023-05-13T22:52:48","modified_gmt":"2023-05-13T22:52:48","slug":"z-tablero-sobrepuesto-pvc-18-polos-lexo","status":"publish","type":"product","link":"https:\/\/solucionsolar.cl\/solar\/producto\/z-tablero-sobrepuesto-pvc-18-polos-lexo\/","title":{"rendered":"z Tablero sobrepuesto pvc 18 polos LEXO"},"content":{"rendered":"<p>El tablero sobrepuesto PVC 18 polos LEXO es un dispositivo el\u00e9ctrico que permite la conexi\u00f3n de diferentes componentes y circuitos el\u00e9ctricos. Tiene una capacidad de 18 polos, lo que lo hace adecuado para aplicaciones con m\u00faltiples circuitos el\u00e9ctricos. Est\u00e1 hecho de material PVC resistente y duradero, lo que lo hace adecuado para su uso en diferentes entornos y aplicaciones.<\/p>\n","protected":false},"excerpt":{"rendered":"<p>El tablero sobrepuesto PVC 18 polos LEXO es un dispositivo el\u00e9ctrico que permite la conexi\u00f3n de diferentes componentes y circuitos el\u00e9ctricos. Tiene una capacidad de 18 polos, lo que lo hace adecuado para aplicaciones con m\u00faltiples circuitos el\u00e9ctricos. Est\u00e1 hecho de material PVC resistente y duradero, lo que lo hace adecuado para su uso en diferentes entornos y aplicaciones.<\/p>\n","protected":false},"featured_media":1360,"comment_status":"open","ping_status":"closed","template":"","meta":{"_joinchat":[]},"product_brand":[],"product_cat":[16],"product_tag":[],"class_list":{"0":"post-1361","1":"product","2":"type-product","3":"status-publish","4":"has-post-thumbnail","6":"product_cat-electricidad","8":"first","9":"instock","10":"shipping-taxable","11":"purchasable","12":"product-type-simple"},"ams_default_variation_id":0,"ams_product_points_reward":[],"ams_product_discount_percentage":0,"ams_price_to_display":12000,"ams_acf":[],"jetpack_sharing_enabled":true,"_links":{"self":[{"href":"https:\/\/solucionsolar.cl\/solar\/wp-json\/wp\/v2\/product\/1361","targetHints":{"allow":["GET"]}}],"collection":[{"href":"https:\/\/solucionsolar.cl\/solar\/wp-json\/wp\/v2\/product"}],"about":[{"href":"https:\/\/solucionsolar.cl\/solar\/wp-json\/wp\/v2\/types\/product"}],"replies":[{"embeddable":true,"href":"https:\/\/solucionsolar.cl\/solar\/wp-json\/wp\/v2\/comments?post=1361"}],"wp:featuredmedia":[{"embeddable":true,"href":"https:\/\/solucionsolar.cl\/solar\/wp-json\/wp\/v2\/media\/1360"}],"wp:attachment":[{"href":"https:\/\/solucionsolar.cl\/solar\/wp-json\/wp\/v2\/media?parent=1361"}],"wp:term":[{"taxonomy":"product_brand","embeddable":true,"href":"https:\/\/solucionsolar.cl\/solar\/wp-json\/wp\/v2\/product_brand?post=1361"},{"taxonomy":"product_cat","embeddable":true,"href":"https:\/\/solucionsolar.cl\/solar\/wp-json\/wp\/v2\/product_cat?post=1361"},{"taxonomy":"product_tag","embeddable":true,"href":"https:\/\/solucionsolar.cl\/solar\/wp-json\/wp\/v2\/product_tag?post=1361"}],"curies":[{"name":"wp","href":"https:\/\/api.w.org\/{rel}","templated":true}]}}