{"id":1363,"date":"2023-05-13T22:52:52","date_gmt":"2023-05-13T22:52:52","guid":{"rendered":"https:\/\/solucionsolar.cl\/solar\/producto\/camara-ip-solar-ir-4mm-4mp-4g-ds-2xs2t41g0-id-4g-hikvision\/"},"modified":"2023-05-13T22:52:52","modified_gmt":"2023-05-13T22:52:52","slug":"camara-ip-solar-ir-4mm-4mp-4g-ds-2xs2t41g0-id-4g-hikvision","status":"publish","type":"product","link":"https:\/\/solucionsolar.cl\/solar\/producto\/camara-ip-solar-ir-4mm-4mp-4g-ds-2xs2t41g0-id-4g-hikvision\/","title":{"rendered":"CAMARA IP SOLAR IR 4MM 4MP 4G DS-2XS2T41G0-ID\/4G HIKVISION"},"content":{"rendered":"<p>La c\u00e1mara cuenta con una lente de 4 mm y una resoluci\u00f3n de 4 megap\u00edxeles, lo que permite capturar im\u00e1genes de alta calidad con detalles n\u00edtidos. Tambi\u00e9n cuenta con tecnolog\u00eda de visi\u00f3n nocturna IR que le permite capturar im\u00e1genes claras en entornos con poca luz o en la oscuridad total.<\/p>\n<p>La C\u00e1mara Solar es f\u00e1cil de instalar y configurar, y cuenta con una carcasa resistente a la intemperie que la hace adecuada para su uso en exteriores.<\/p>\n<p>la C\u00e1mara Solar HIKVISION es una soluci\u00f3n de vigilancia y seguridad de alta calidad, que utiliza tecnolog\u00eda avanzada y energ\u00eda solar para brindar im\u00e1genes claras y fiables en cualquier entorno y en cualquier momento.<\/p>\n","protected":false},"excerpt":{"rendered":"<p>La c\u00e1mara cuenta con una lente de 4 mm y una resoluci\u00f3n de 4 megap\u00edxeles, lo que permite capturar im\u00e1genes de alta calidad con detalles n\u00edtidos. Tambi\u00e9n cuenta con tecnolog\u00eda de visi\u00f3n nocturna IR que le permite capturar im\u00e1genes claras en entornos con poca luz o en la oscuridad total. La C\u00e1mara Solar es f\u00e1cil de instalar y configurar, y [&hellip;]<\/p>\n","protected":false},"featured_media":1362,"comment_status":"open","ping_status":"closed","template":"","meta":{"_joinchat":[]},"product_brand":[],"product_cat":[59,36],"product_tag":[],"class_list":{"0":"post-1363","1":"product","2":"type-product","3":"status-publish","4":"has-post-thumbnail","6":"product_cat-camara-solar","7":"product_cat-seguridad","9":"first","10":"instock","11":"shipping-taxable","12":"purchasable","13":"product-type-simple"},"ams_default_variation_id":0,"ams_product_points_reward":[],"ams_product_discount_percentage":0,"ams_price_to_display":237000,"ams_acf":[],"jetpack_sharing_enabled":true,"_links":{"self":[{"href":"https:\/\/solucionsolar.cl\/solar\/wp-json\/wp\/v2\/product\/1363","targetHints":{"allow":["GET"]}}],"collection":[{"href":"https:\/\/solucionsolar.cl\/solar\/wp-json\/wp\/v2\/product"}],"about":[{"href":"https:\/\/solucionsolar.cl\/solar\/wp-json\/wp\/v2\/types\/product"}],"replies":[{"embeddable":true,"href":"https:\/\/solucionsolar.cl\/solar\/wp-json\/wp\/v2\/comments?post=1363"}],"wp:featuredmedia":[{"embeddable":true,"href":"https:\/\/solucionsolar.cl\/solar\/wp-json\/wp\/v2\/media\/1362"}],"wp:attachment":[{"href":"https:\/\/solucionsolar.cl\/solar\/wp-json\/wp\/v2\/media?parent=1363"}],"wp:term":[{"taxonomy":"product_brand","embeddable":true,"href":"https:\/\/solucionsolar.cl\/solar\/wp-json\/wp\/v2\/product_brand?post=1363"},{"taxonomy":"product_cat","embeddable":true,"href":"https:\/\/solucionsolar.cl\/solar\/wp-json\/wp\/v2\/product_cat?post=1363"},{"taxonomy":"product_tag","embeddable":true,"href":"https:\/\/solucionsolar.cl\/solar\/wp-json\/wp\/v2\/product_tag?post=1363"}],"curies":[{"name":"wp","href":"https:\/\/api.w.org\/{rel}","templated":true}]}}