{"id":1367,"date":"2023-05-13T22:52:54","date_gmt":"2023-05-13T22:52:54","guid":{"rendered":"https:\/\/solucionsolar.cl\/solar\/producto\/rele-termico-7-10a-lexo\/"},"modified":"2023-05-13T22:52:54","modified_gmt":"2023-05-13T22:52:54","slug":"rele-termico-7-10a-lexo","status":"publish","type":"product","link":"https:\/\/solucionsolar.cl\/solar\/producto\/rele-termico-7-10a-lexo\/","title":{"rendered":"Rel\u00e9 t\u00e9rmico 7-10A LEXO"},"content":{"rendered":"<p>El rel\u00e9 t\u00e9rmico 7-10A LEXO es un dispositivo de protecci\u00f3n que se utiliza para proteger motores el\u00e9ctricos contra sobrecargas y fallos de fase. Tiene una corriente nominal de 7-10 amperios y puede ser utilizado en aplicaciones de baja y media potencia.<\/p>\n","protected":false},"excerpt":{"rendered":"<p>El rel\u00e9 t\u00e9rmico 7-10A LEXO es un dispositivo de protecci\u00f3n que se utiliza para proteger motores el\u00e9ctricos contra sobrecargas y fallos de fase. Tiene una corriente nominal de 7-10 amperios y puede ser utilizado en aplicaciones de baja y media potencia.<\/p>\n","protected":false},"featured_media":1366,"comment_status":"open","ping_status":"closed","template":"","meta":{"_joinchat":[]},"product_brand":[],"product_cat":[16],"product_tag":[],"class_list":{"0":"post-1367","1":"product","2":"type-product","3":"status-publish","4":"has-post-thumbnail","6":"product_cat-electricidad","8":"first","9":"instock","10":"shipping-taxable","11":"purchasable","12":"product-type-simple"},"ams_default_variation_id":0,"ams_product_points_reward":[],"ams_product_discount_percentage":0,"ams_price_to_display":8500,"ams_acf":[],"jetpack_sharing_enabled":true,"_links":{"self":[{"href":"https:\/\/solucionsolar.cl\/solar\/wp-json\/wp\/v2\/product\/1367","targetHints":{"allow":["GET"]}}],"collection":[{"href":"https:\/\/solucionsolar.cl\/solar\/wp-json\/wp\/v2\/product"}],"about":[{"href":"https:\/\/solucionsolar.cl\/solar\/wp-json\/wp\/v2\/types\/product"}],"replies":[{"embeddable":true,"href":"https:\/\/solucionsolar.cl\/solar\/wp-json\/wp\/v2\/comments?post=1367"}],"wp:featuredmedia":[{"embeddable":true,"href":"https:\/\/solucionsolar.cl\/solar\/wp-json\/wp\/v2\/media\/1366"}],"wp:attachment":[{"href":"https:\/\/solucionsolar.cl\/solar\/wp-json\/wp\/v2\/media?parent=1367"}],"wp:term":[{"taxonomy":"product_brand","embeddable":true,"href":"https:\/\/solucionsolar.cl\/solar\/wp-json\/wp\/v2\/product_brand?post=1367"},{"taxonomy":"product_cat","embeddable":true,"href":"https:\/\/solucionsolar.cl\/solar\/wp-json\/wp\/v2\/product_cat?post=1367"},{"taxonomy":"product_tag","embeddable":true,"href":"https:\/\/solucionsolar.cl\/solar\/wp-json\/wp\/v2\/product_tag?post=1367"}],"curies":[{"name":"wp","href":"https:\/\/api.w.org\/{rel}","templated":true}]}}