{"id":1371,"date":"2023-05-13T22:53:00","date_gmt":"2023-05-13T22:53:00","guid":{"rendered":"https:\/\/solucionsolar.cl\/solar\/producto\/enchufe-triple-de-loza\/"},"modified":"2023-05-13T22:53:00","modified_gmt":"2023-05-13T22:53:00","slug":"enchufe-triple-de-loza","status":"publish","type":"product","link":"https:\/\/solucionsolar.cl\/solar\/producto\/enchufe-triple-de-loza\/","title":{"rendered":"Enchufe Triple de loza"},"content":{"rendered":"<p>El enchufe triple de loza es un dispositivo el\u00e9ctrico que permite conectar hasta tres enchufes de forma simult\u00e1nea, generalmente utilizado en hogares y oficinas para proporcionar una mayor cantidad de salidas el\u00e9ctricas en una sola toma de corriente.<\/p>\n","protected":false},"excerpt":{"rendered":"<p>El enchufe triple de loza es un dispositivo el\u00e9ctrico que permite conectar hasta tres enchufes de forma simult\u00e1nea, generalmente utilizado en hogares y oficinas para proporcionar una mayor cantidad de salidas el\u00e9ctricas en una sola toma de corriente.<\/p>\n","protected":false},"featured_media":1370,"comment_status":"open","ping_status":"closed","template":"","meta":{"_joinchat":[]},"product_brand":[],"product_cat":[16],"product_tag":[],"class_list":{"0":"post-1371","1":"product","2":"type-product","3":"status-publish","4":"has-post-thumbnail","6":"product_cat-electricidad","8":"first","9":"instock","10":"shipping-taxable","11":"purchasable","12":"product-type-simple"},"ams_default_variation_id":0,"ams_product_points_reward":[],"ams_product_discount_percentage":0,"ams_price_to_display":500,"ams_acf":[],"jetpack_sharing_enabled":true,"_links":{"self":[{"href":"https:\/\/solucionsolar.cl\/solar\/wp-json\/wp\/v2\/product\/1371","targetHints":{"allow":["GET"]}}],"collection":[{"href":"https:\/\/solucionsolar.cl\/solar\/wp-json\/wp\/v2\/product"}],"about":[{"href":"https:\/\/solucionsolar.cl\/solar\/wp-json\/wp\/v2\/types\/product"}],"replies":[{"embeddable":true,"href":"https:\/\/solucionsolar.cl\/solar\/wp-json\/wp\/v2\/comments?post=1371"}],"wp:featuredmedia":[{"embeddable":true,"href":"https:\/\/solucionsolar.cl\/solar\/wp-json\/wp\/v2\/media\/1370"}],"wp:attachment":[{"href":"https:\/\/solucionsolar.cl\/solar\/wp-json\/wp\/v2\/media?parent=1371"}],"wp:term":[{"taxonomy":"product_brand","embeddable":true,"href":"https:\/\/solucionsolar.cl\/solar\/wp-json\/wp\/v2\/product_brand?post=1371"},{"taxonomy":"product_cat","embeddable":true,"href":"https:\/\/solucionsolar.cl\/solar\/wp-json\/wp\/v2\/product_cat?post=1371"},{"taxonomy":"product_tag","embeddable":true,"href":"https:\/\/solucionsolar.cl\/solar\/wp-json\/wp\/v2\/product_tag?post=1371"}],"curies":[{"name":"wp","href":"https:\/\/api.w.org\/{rel}","templated":true}]}}