{"id":1373,"date":"2023-05-13T22:53:04","date_gmt":"2023-05-13T22:53:04","guid":{"rendered":"https:\/\/solucionsolar.cl\/solar\/producto\/cable-utp-cat-6-armado-15mt\/"},"modified":"2023-05-13T22:53:04","modified_gmt":"2023-05-13T22:53:04","slug":"cable-utp-cat-6-armado-15mt","status":"publish","type":"product","link":"https:\/\/solucionsolar.cl\/solar\/producto\/cable-utp-cat-6-armado-15mt\/","title":{"rendered":"Cable UTP CAT 6 armado 15mt"},"content":{"rendered":"<p>El Cable UTP CAT 6 armado de 15 metros es un cable de red de par trenzado sin blindaje con conector RJ45 en ambos extremos y es capaz de soportar velocidades de transmisi\u00f3n de datos de hasta 10Gbps a una frecuencia de 250 MHz. Adem\u00e1s, est\u00e1 protegido por una armadura que lo hace m\u00e1s resistente a la interferencia electromagn\u00e9tica y f\u00edsica.<\/p>\n","protected":false},"excerpt":{"rendered":"<p>El Cable UTP CAT 6 armado de 15 metros es un cable de red de par trenzado sin blindaje con conector RJ45 en ambos extremos y es capaz de soportar velocidades de transmisi\u00f3n de datos de hasta 10Gbps a una frecuencia de 250 MHz. Adem\u00e1s, est\u00e1 protegido por una armadura que lo hace m\u00e1s resistente a la interferencia electromagn\u00e9tica y [&hellip;]<\/p>\n","protected":false},"featured_media":1372,"comment_status":"open","ping_status":"closed","template":"","meta":{"_joinchat":[]},"product_brand":[],"product_cat":[16],"product_tag":[],"class_list":{"0":"post-1373","1":"product","2":"type-product","3":"status-publish","4":"has-post-thumbnail","6":"product_cat-electricidad","8":"first","9":"instock","10":"shipping-taxable","11":"purchasable","12":"product-type-simple"},"ams_default_variation_id":0,"ams_product_points_reward":[],"ams_product_discount_percentage":0,"ams_price_to_display":8000,"ams_acf":[],"jetpack_sharing_enabled":true,"_links":{"self":[{"href":"https:\/\/solucionsolar.cl\/solar\/wp-json\/wp\/v2\/product\/1373","targetHints":{"allow":["GET"]}}],"collection":[{"href":"https:\/\/solucionsolar.cl\/solar\/wp-json\/wp\/v2\/product"}],"about":[{"href":"https:\/\/solucionsolar.cl\/solar\/wp-json\/wp\/v2\/types\/product"}],"replies":[{"embeddable":true,"href":"https:\/\/solucionsolar.cl\/solar\/wp-json\/wp\/v2\/comments?post=1373"}],"wp:featuredmedia":[{"embeddable":true,"href":"https:\/\/solucionsolar.cl\/solar\/wp-json\/wp\/v2\/media\/1372"}],"wp:attachment":[{"href":"https:\/\/solucionsolar.cl\/solar\/wp-json\/wp\/v2\/media?parent=1373"}],"wp:term":[{"taxonomy":"product_brand","embeddable":true,"href":"https:\/\/solucionsolar.cl\/solar\/wp-json\/wp\/v2\/product_brand?post=1373"},{"taxonomy":"product_cat","embeddable":true,"href":"https:\/\/solucionsolar.cl\/solar\/wp-json\/wp\/v2\/product_cat?post=1373"},{"taxonomy":"product_tag","embeddable":true,"href":"https:\/\/solucionsolar.cl\/solar\/wp-json\/wp\/v2\/product_tag?post=1373"}],"curies":[{"name":"wp","href":"https:\/\/api.w.org\/{rel}","templated":true}]}}