{"id":1374,"date":"2023-05-13T22:53:05","date_gmt":"2023-05-13T22:53:05","guid":{"rendered":"https:\/\/solucionsolar.cl\/solar\/producto\/campana-industrial-led-ufo-100w-vkb\/"},"modified":"2023-05-15T19:46:46","modified_gmt":"2023-05-15T19:46:46","slug":"campana-industrial-led-ufo-100w-vkb","status":"publish","type":"product","link":"https:\/\/solucionsolar.cl\/solar\/producto\/campana-industrial-led-ufo-100w-vkb\/","title":{"rendered":"Campana industrial LED UFO 100W VKB"},"content":{"rendered":"<p>Es un dispositivo de iluminaci\u00f3n LED de alta potencia utilizado para la iluminaci\u00f3n de espacios industriales como almacenes, f\u00e1bricas y talleres. Este tipo de campana se caracteriza por su gran eficiencia energ\u00e9tica, larga vida \u00fatil y capacidad de producir una iluminaci\u00f3n uniforme y de alta calidad.<\/p>\n","protected":false},"excerpt":{"rendered":"<p>Es un dispositivo de iluminaci\u00f3n LED de alta potencia utilizado para la iluminaci\u00f3n de espacios industriales como almacenes, f\u00e1bricas y talleres. Este tipo de campana se caracteriza por su gran eficiencia energ\u00e9tica, larga vida \u00fatil y capacidad de producir una iluminaci\u00f3n uniforme y de alta calidad.<\/p>\n","protected":false},"featured_media":1230,"comment_status":"open","ping_status":"closed","template":"","meta":{"_joinchat":[]},"product_brand":[],"product_cat":[44],"product_tag":[],"class_list":{"0":"post-1374","1":"product","2":"type-product","3":"status-publish","4":"has-post-thumbnail","6":"product_cat-iluminacion","8":"first","9":"instock","10":"shipping-taxable","11":"purchasable","12":"product-type-simple"},"ams_default_variation_id":0,"ams_product_points_reward":[],"ams_product_discount_percentage":0,"ams_price_to_display":45000,"ams_acf":[],"jetpack_sharing_enabled":true,"_links":{"self":[{"href":"https:\/\/solucionsolar.cl\/solar\/wp-json\/wp\/v2\/product\/1374","targetHints":{"allow":["GET"]}}],"collection":[{"href":"https:\/\/solucionsolar.cl\/solar\/wp-json\/wp\/v2\/product"}],"about":[{"href":"https:\/\/solucionsolar.cl\/solar\/wp-json\/wp\/v2\/types\/product"}],"replies":[{"embeddable":true,"href":"https:\/\/solucionsolar.cl\/solar\/wp-json\/wp\/v2\/comments?post=1374"}],"wp:featuredmedia":[{"embeddable":true,"href":"https:\/\/solucionsolar.cl\/solar\/wp-json\/wp\/v2\/media\/1230"}],"wp:attachment":[{"href":"https:\/\/solucionsolar.cl\/solar\/wp-json\/wp\/v2\/media?parent=1374"}],"wp:term":[{"taxonomy":"product_brand","embeddable":true,"href":"https:\/\/solucionsolar.cl\/solar\/wp-json\/wp\/v2\/product_brand?post=1374"},{"taxonomy":"product_cat","embeddable":true,"href":"https:\/\/solucionsolar.cl\/solar\/wp-json\/wp\/v2\/product_cat?post=1374"},{"taxonomy":"product_tag","embeddable":true,"href":"https:\/\/solucionsolar.cl\/solar\/wp-json\/wp\/v2\/product_tag?post=1374"}],"curies":[{"name":"wp","href":"https:\/\/api.w.org\/{rel}","templated":true}]}}