{"id":1378,"date":"2023-05-13T22:53:10","date_gmt":"2023-05-13T22:53:10","guid":{"rendered":"https:\/\/solucionsolar.cl\/solar\/producto\/caja-distribucion-pvc-tipo-chuqui-zama\/"},"modified":"2023-05-13T22:53:10","modified_gmt":"2023-05-13T22:53:10","slug":"caja-distribucion-pvc-tipo-chuqui-zama","status":"publish","type":"product","link":"https:\/\/solucionsolar.cl\/solar\/producto\/caja-distribucion-pvc-tipo-chuqui-zama\/","title":{"rendered":"Caja distribuci\u00f3n PVC tipo Chuqui ZAMA"},"content":{"rendered":"<p>La caja de distribuci\u00f3n PVC tipo Chuqui ZAMA es una caja de pl\u00e1stico utilizada para la distribuci\u00f3n y organizaci\u00f3n de cables y conexiones el\u00e9ctricas. Es resistente a la humedad y al polvo, lo que la hace adecuada para uso en interiores y exteriores.<\/p>\n","protected":false},"excerpt":{"rendered":"<p>La caja de distribuci\u00f3n PVC tipo Chuqui ZAMA es una caja de pl\u00e1stico utilizada para la distribuci\u00f3n y organizaci\u00f3n de cables y conexiones el\u00e9ctricas. Es resistente a la humedad y al polvo, lo que la hace adecuada para uso en interiores y exteriores.<\/p>\n","protected":false},"featured_media":1377,"comment_status":"open","ping_status":"closed","template":"","meta":{"_joinchat":[]},"product_brand":[],"product_cat":[16],"product_tag":[],"class_list":{"0":"post-1378","1":"product","2":"type-product","3":"status-publish","4":"has-post-thumbnail","6":"product_cat-electricidad","8":"first","9":"instock","10":"shipping-taxable","11":"purchasable","12":"product-type-simple"},"ams_default_variation_id":0,"ams_product_points_reward":[],"ams_product_discount_percentage":0,"ams_price_to_display":800,"ams_acf":[],"jetpack_sharing_enabled":true,"_links":{"self":[{"href":"https:\/\/solucionsolar.cl\/solar\/wp-json\/wp\/v2\/product\/1378","targetHints":{"allow":["GET"]}}],"collection":[{"href":"https:\/\/solucionsolar.cl\/solar\/wp-json\/wp\/v2\/product"}],"about":[{"href":"https:\/\/solucionsolar.cl\/solar\/wp-json\/wp\/v2\/types\/product"}],"replies":[{"embeddable":true,"href":"https:\/\/solucionsolar.cl\/solar\/wp-json\/wp\/v2\/comments?post=1378"}],"wp:featuredmedia":[{"embeddable":true,"href":"https:\/\/solucionsolar.cl\/solar\/wp-json\/wp\/v2\/media\/1377"}],"wp:attachment":[{"href":"https:\/\/solucionsolar.cl\/solar\/wp-json\/wp\/v2\/media?parent=1378"}],"wp:term":[{"taxonomy":"product_brand","embeddable":true,"href":"https:\/\/solucionsolar.cl\/solar\/wp-json\/wp\/v2\/product_brand?post=1378"},{"taxonomy":"product_cat","embeddable":true,"href":"https:\/\/solucionsolar.cl\/solar\/wp-json\/wp\/v2\/product_cat?post=1378"},{"taxonomy":"product_tag","embeddable":true,"href":"https:\/\/solucionsolar.cl\/solar\/wp-json\/wp\/v2\/product_tag?post=1378"}],"curies":[{"name":"wp","href":"https:\/\/api.w.org\/{rel}","templated":true}]}}