{"id":1384,"date":"2023-05-13T22:53:20","date_gmt":"2023-05-13T22:53:20","guid":{"rendered":"https:\/\/solucionsolar.cl\/solar\/producto\/terminal-punta-16-14awg-2-13mm-azul-100-un-bm\/"},"modified":"2023-05-13T22:53:20","modified_gmt":"2023-05-13T22:53:20","slug":"terminal-punta-16-14awg-2-13mm-azul-100-un-bm","status":"publish","type":"product","link":"https:\/\/solucionsolar.cl\/solar\/producto\/terminal-punta-16-14awg-2-13mm-azul-100-un-bm\/","title":{"rendered":"Terminal Punta 16-14AWG (2-13mm) AZUL 100 un BM"},"content":{"rendered":"<p>Los Terminales Punta 16-14AWG (2-13mm) AZUL 100 un BM son conectores el\u00e9ctricos que permiten la conexi\u00f3n segura de un cable con un terminal o conexi\u00f3n el\u00e9ctrica. Estos terminales son de color azul, est\u00e1n fabricados para calibres de cable entre 16 a 14 AWG y tienen una capacidad de apertura de 2 a 13 mm. El paquete incluye 100 unidades.<\/p>\n","protected":false},"excerpt":{"rendered":"<p>Los Terminales Punta 16-14AWG (2-13mm) AZUL 100 un BM son conectores el\u00e9ctricos que permiten la conexi\u00f3n segura de un cable con un terminal o conexi\u00f3n el\u00e9ctrica. Estos terminales son de color azul, est\u00e1n fabricados para calibres de cable entre 16 a 14 AWG y tienen una capacidad de apertura de 2 a 13 mm. El paquete incluye 100 unidades.<\/p>\n","protected":false},"featured_media":1383,"comment_status":"open","ping_status":"closed","template":"","meta":{"_joinchat":[]},"product_brand":[],"product_cat":[16],"product_tag":[],"class_list":{"0":"post-1384","1":"product","2":"type-product","3":"status-publish","4":"has-post-thumbnail","6":"product_cat-electricidad","8":"first","9":"instock","10":"shipping-taxable","11":"purchasable","12":"product-type-simple"},"ams_default_variation_id":0,"ams_product_points_reward":[],"ams_product_discount_percentage":0,"ams_price_to_display":7500,"ams_acf":[],"jetpack_sharing_enabled":true,"_links":{"self":[{"href":"https:\/\/solucionsolar.cl\/solar\/wp-json\/wp\/v2\/product\/1384","targetHints":{"allow":["GET"]}}],"collection":[{"href":"https:\/\/solucionsolar.cl\/solar\/wp-json\/wp\/v2\/product"}],"about":[{"href":"https:\/\/solucionsolar.cl\/solar\/wp-json\/wp\/v2\/types\/product"}],"replies":[{"embeddable":true,"href":"https:\/\/solucionsolar.cl\/solar\/wp-json\/wp\/v2\/comments?post=1384"}],"wp:featuredmedia":[{"embeddable":true,"href":"https:\/\/solucionsolar.cl\/solar\/wp-json\/wp\/v2\/media\/1383"}],"wp:attachment":[{"href":"https:\/\/solucionsolar.cl\/solar\/wp-json\/wp\/v2\/media?parent=1384"}],"wp:term":[{"taxonomy":"product_brand","embeddable":true,"href":"https:\/\/solucionsolar.cl\/solar\/wp-json\/wp\/v2\/product_brand?post=1384"},{"taxonomy":"product_cat","embeddable":true,"href":"https:\/\/solucionsolar.cl\/solar\/wp-json\/wp\/v2\/product_cat?post=1384"},{"taxonomy":"product_tag","embeddable":true,"href":"https:\/\/solucionsolar.cl\/solar\/wp-json\/wp\/v2\/product_tag?post=1384"}],"curies":[{"name":"wp","href":"https:\/\/api.w.org\/{rel}","templated":true}]}}