{"id":1386,"date":"2023-05-13T22:53:23","date_gmt":"2023-05-13T22:53:23","guid":{"rendered":"https:\/\/solucionsolar.cl\/solar\/producto\/adaptador-universal-2pt-10a-2500w-negro-lexo\/"},"modified":"2023-05-13T22:53:23","modified_gmt":"2023-05-13T22:53:23","slug":"adaptador-universal-2pt-10a-2500w-negro-lexo","status":"publish","type":"product","link":"https:\/\/solucionsolar.cl\/solar\/producto\/adaptador-universal-2pt-10a-2500w-negro-lexo\/","title":{"rendered":"Adaptador universal 2P+T 10A 2500W Negro LEXO"},"content":{"rendered":"<p>El adaptador universal 2P+T 10A 2500W Negro de LEXO es un dispositivo que permite conectar equipos el\u00e9ctricos de diferentes pa\u00edses con enchufes de tipo europeo, americano, brit\u00e1nico, entre otros, a tomacorrientes universales. Soporta una corriente m\u00e1xima de 10 amperios y una potencia m\u00e1xima de 2500 vatios.<\/p>\n","protected":false},"excerpt":{"rendered":"<p>El adaptador universal 2P+T 10A 2500W Negro de LEXO es un dispositivo que permite conectar equipos el\u00e9ctricos de diferentes pa\u00edses con enchufes de tipo europeo, americano, brit\u00e1nico, entre otros, a tomacorrientes universales. Soporta una corriente m\u00e1xima de 10 amperios y una potencia m\u00e1xima de 2500 vatios.<\/p>\n","protected":false},"featured_media":1385,"comment_status":"open","ping_status":"closed","template":"","meta":{"_joinchat":[]},"product_brand":[],"product_cat":[16],"product_tag":[],"class_list":{"0":"post-1386","1":"product","2":"type-product","3":"status-publish","4":"has-post-thumbnail","6":"product_cat-electricidad","8":"first","9":"instock","10":"shipping-taxable","11":"purchasable","12":"product-type-simple"},"ams_default_variation_id":0,"ams_product_points_reward":[],"ams_product_discount_percentage":0,"ams_price_to_display":3000,"ams_acf":[],"jetpack_sharing_enabled":true,"_links":{"self":[{"href":"https:\/\/solucionsolar.cl\/solar\/wp-json\/wp\/v2\/product\/1386","targetHints":{"allow":["GET"]}}],"collection":[{"href":"https:\/\/solucionsolar.cl\/solar\/wp-json\/wp\/v2\/product"}],"about":[{"href":"https:\/\/solucionsolar.cl\/solar\/wp-json\/wp\/v2\/types\/product"}],"replies":[{"embeddable":true,"href":"https:\/\/solucionsolar.cl\/solar\/wp-json\/wp\/v2\/comments?post=1386"}],"wp:featuredmedia":[{"embeddable":true,"href":"https:\/\/solucionsolar.cl\/solar\/wp-json\/wp\/v2\/media\/1385"}],"wp:attachment":[{"href":"https:\/\/solucionsolar.cl\/solar\/wp-json\/wp\/v2\/media?parent=1386"}],"wp:term":[{"taxonomy":"product_brand","embeddable":true,"href":"https:\/\/solucionsolar.cl\/solar\/wp-json\/wp\/v2\/product_brand?post=1386"},{"taxonomy":"product_cat","embeddable":true,"href":"https:\/\/solucionsolar.cl\/solar\/wp-json\/wp\/v2\/product_cat?post=1386"},{"taxonomy":"product_tag","embeddable":true,"href":"https:\/\/solucionsolar.cl\/solar\/wp-json\/wp\/v2\/product_tag?post=1386"}],"curies":[{"name":"wp","href":"https:\/\/api.w.org\/{rel}","templated":true}]}}