{"id":139,"date":"2023-05-13T22:22:15","date_gmt":"2023-05-13T22:22:15","guid":{"rendered":"https:\/\/solucionsolar.cl\/solar\/producto\/cancamo-acero-galvanizado-794x110mm\/"},"modified":"2023-05-13T22:22:15","modified_gmt":"2023-05-13T22:22:15","slug":"cancamo-acero-galvanizado-794x110mm","status":"publish","type":"product","link":"https:\/\/solucionsolar.cl\/solar\/producto\/cancamo-acero-galvanizado-794x110mm\/","title":{"rendered":"C\u00e1ncamo acero galvanizado 7,94x110mm"},"content":{"rendered":"<p>El c\u00e1ncamo de acero galvanizado 7,94x110mm es un accesorio de sujeci\u00f3n que se utiliza para levantar cargas pesadas. Est\u00e1 fabricado con acero de alta resistencia y tiene un di\u00e1metro de 7,94mm y una longitud total de 110mm. El proceso de galvanizado le da una capa de protecci\u00f3n contra la corrosi\u00f3n, lo que lo hace ideal para su uso en ambientes h\u00famedos o corrosivos.<\/p>\n","protected":false},"excerpt":{"rendered":"<p>El c\u00e1ncamo de acero galvanizado 7,94x110mm es un accesorio de sujeci\u00f3n que se utiliza para levantar cargas pesadas. Est\u00e1 fabricado con acero de alta resistencia y tiene un di\u00e1metro de 7,94mm y una longitud total de 110mm. El proceso de galvanizado le da una capa de protecci\u00f3n contra la corrosi\u00f3n, lo que lo hace ideal para su uso en ambientes [&hellip;]<\/p>\n","protected":false},"featured_media":0,"comment_status":"open","ping_status":"closed","template":"","meta":{"_joinchat":[]},"product_brand":[],"product_cat":[26,17],"product_tag":[],"class_list":{"0":"post-139","1":"product","2":"type-product","3":"status-publish","5":"product_cat-empalmes","6":"product_cat-ferreteria","8":"first","9":"instock","10":"shipping-taxable","11":"purchasable","12":"product-type-simple"},"ams_default_variation_id":0,"ams_product_points_reward":[],"ams_product_discount_percentage":0,"ams_price_to_display":650,"ams_acf":[],"jetpack_sharing_enabled":true,"_links":{"self":[{"href":"https:\/\/solucionsolar.cl\/solar\/wp-json\/wp\/v2\/product\/139","targetHints":{"allow":["GET"]}}],"collection":[{"href":"https:\/\/solucionsolar.cl\/solar\/wp-json\/wp\/v2\/product"}],"about":[{"href":"https:\/\/solucionsolar.cl\/solar\/wp-json\/wp\/v2\/types\/product"}],"replies":[{"embeddable":true,"href":"https:\/\/solucionsolar.cl\/solar\/wp-json\/wp\/v2\/comments?post=139"}],"wp:attachment":[{"href":"https:\/\/solucionsolar.cl\/solar\/wp-json\/wp\/v2\/media?parent=139"}],"wp:term":[{"taxonomy":"product_brand","embeddable":true,"href":"https:\/\/solucionsolar.cl\/solar\/wp-json\/wp\/v2\/product_brand?post=139"},{"taxonomy":"product_cat","embeddable":true,"href":"https:\/\/solucionsolar.cl\/solar\/wp-json\/wp\/v2\/product_cat?post=139"},{"taxonomy":"product_tag","embeddable":true,"href":"https:\/\/solucionsolar.cl\/solar\/wp-json\/wp\/v2\/product_tag?post=139"}],"curies":[{"name":"wp","href":"https:\/\/api.w.org\/{rel}","templated":true}]}}