{"id":1390,"date":"2023-05-13T22:53:31","date_gmt":"2023-05-13T22:53:31","guid":{"rendered":"https:\/\/solucionsolar.cl\/solar\/producto\/conector-rapido-ip68-cnp20-3p-16a-05-15mm-250v\/"},"modified":"2023-05-13T22:53:31","modified_gmt":"2023-05-13T22:53:31","slug":"conector-rapido-ip68-cnp20-3p-16a-05-15mm-250v","status":"publish","type":"product","link":"https:\/\/solucionsolar.cl\/solar\/producto\/conector-rapido-ip68-cnp20-3p-16a-05-15mm-250v\/","title":{"rendered":"Conector r\u00e1pido IP68 CNP20-3P 16A 0,5-1,5mm 250V"},"content":{"rendered":"<p>El conector r\u00e1pido CNP20-3P es un dispositivo el\u00e9ctrico IP68 que permite una conexi\u00f3n r\u00e1pida y segura de cables con un di\u00e1metro entre 0,5mm y 1,5mm. Es adecuado para aplicaciones en ambientes h\u00famedos y se puede utilizar en una amplia variedad de dispositivos el\u00e9ctricos de baja tensi\u00f3n con un voltaje m\u00e1ximo de 250V y una corriente m\u00e1xima de 16A.<\/p>\n","protected":false},"excerpt":{"rendered":"<p>El conector r\u00e1pido CNP20-3P es un dispositivo el\u00e9ctrico IP68 que permite una conexi\u00f3n r\u00e1pida y segura de cables con un di\u00e1metro entre 0,5mm y 1,5mm. Es adecuado para aplicaciones en ambientes h\u00famedos y se puede utilizar en una amplia variedad de dispositivos el\u00e9ctricos de baja tensi\u00f3n con un voltaje m\u00e1ximo de 250V y una corriente m\u00e1xima de 16A.<\/p>\n","protected":false},"featured_media":1389,"comment_status":"open","ping_status":"closed","template":"","meta":{"_joinchat":[]},"product_brand":[],"product_cat":[16],"product_tag":[],"class_list":{"0":"post-1390","1":"product","2":"type-product","3":"status-publish","4":"has-post-thumbnail","6":"product_cat-electricidad","8":"first","9":"instock","10":"shipping-taxable","11":"purchasable","12":"product-type-simple"},"ams_default_variation_id":0,"ams_product_points_reward":[],"ams_product_discount_percentage":0,"ams_price_to_display":2500,"ams_acf":[],"jetpack_sharing_enabled":true,"_links":{"self":[{"href":"https:\/\/solucionsolar.cl\/solar\/wp-json\/wp\/v2\/product\/1390","targetHints":{"allow":["GET"]}}],"collection":[{"href":"https:\/\/solucionsolar.cl\/solar\/wp-json\/wp\/v2\/product"}],"about":[{"href":"https:\/\/solucionsolar.cl\/solar\/wp-json\/wp\/v2\/types\/product"}],"replies":[{"embeddable":true,"href":"https:\/\/solucionsolar.cl\/solar\/wp-json\/wp\/v2\/comments?post=1390"}],"wp:featuredmedia":[{"embeddable":true,"href":"https:\/\/solucionsolar.cl\/solar\/wp-json\/wp\/v2\/media\/1389"}],"wp:attachment":[{"href":"https:\/\/solucionsolar.cl\/solar\/wp-json\/wp\/v2\/media?parent=1390"}],"wp:term":[{"taxonomy":"product_brand","embeddable":true,"href":"https:\/\/solucionsolar.cl\/solar\/wp-json\/wp\/v2\/product_brand?post=1390"},{"taxonomy":"product_cat","embeddable":true,"href":"https:\/\/solucionsolar.cl\/solar\/wp-json\/wp\/v2\/product_cat?post=1390"},{"taxonomy":"product_tag","embeddable":true,"href":"https:\/\/solucionsolar.cl\/solar\/wp-json\/wp\/v2\/product_tag?post=1390"}],"curies":[{"name":"wp","href":"https:\/\/api.w.org\/{rel}","templated":true}]}}