{"id":1394,"date":"2023-05-13T22:53:38","date_gmt":"2023-05-13T22:53:38","guid":{"rendered":"https:\/\/solucionsolar.cl\/solar\/producto\/adaptador-schuko-10a-2500w-c-proteccion-lexo\/"},"modified":"2023-05-13T22:53:38","modified_gmt":"2023-05-13T22:53:38","slug":"adaptador-schuko-10a-2500w-c-proteccion-lexo","status":"publish","type":"product","link":"https:\/\/solucionsolar.cl\/solar\/producto\/adaptador-schuko-10a-2500w-c-proteccion-lexo\/","title":{"rendered":"Adaptador Schuko 10A 2500W c\/protecci\u00f3n LEXO"},"content":{"rendered":"<p>El adaptador Schuko de LEXO es un dispositivo que permite conectar enchufes con clavijas diferentes en una toma de corriente Schuko est\u00e1ndar. Tiene una capacidad de carga m\u00e1xima de 10A y 2500W y cuenta con protecci\u00f3n contra sobrecarga. Es \u00fatil para adaptar dispositivos el\u00e9ctricos en diferentes situaciones y ambientes.<\/p>\n","protected":false},"excerpt":{"rendered":"<p>El adaptador Schuko de LEXO es un dispositivo que permite conectar enchufes con clavijas diferentes en una toma de corriente Schuko est\u00e1ndar. Tiene una capacidad de carga m\u00e1xima de 10A y 2500W y cuenta con protecci\u00f3n contra sobrecarga. Es \u00fatil para adaptar dispositivos el\u00e9ctricos en diferentes situaciones y ambientes.<\/p>\n","protected":false},"featured_media":1393,"comment_status":"open","ping_status":"closed","template":"","meta":{"_joinchat":[]},"product_brand":[],"product_cat":[16],"product_tag":[],"class_list":{"0":"post-1394","1":"product","2":"type-product","3":"status-publish","4":"has-post-thumbnail","6":"product_cat-electricidad","8":"first","9":"instock","10":"shipping-taxable","11":"purchasable","12":"product-type-simple"},"ams_default_variation_id":0,"ams_product_points_reward":[],"ams_product_discount_percentage":0,"ams_price_to_display":2800,"ams_acf":[],"jetpack_sharing_enabled":true,"_links":{"self":[{"href":"https:\/\/solucionsolar.cl\/solar\/wp-json\/wp\/v2\/product\/1394","targetHints":{"allow":["GET"]}}],"collection":[{"href":"https:\/\/solucionsolar.cl\/solar\/wp-json\/wp\/v2\/product"}],"about":[{"href":"https:\/\/solucionsolar.cl\/solar\/wp-json\/wp\/v2\/types\/product"}],"replies":[{"embeddable":true,"href":"https:\/\/solucionsolar.cl\/solar\/wp-json\/wp\/v2\/comments?post=1394"}],"wp:featuredmedia":[{"embeddable":true,"href":"https:\/\/solucionsolar.cl\/solar\/wp-json\/wp\/v2\/media\/1393"}],"wp:attachment":[{"href":"https:\/\/solucionsolar.cl\/solar\/wp-json\/wp\/v2\/media?parent=1394"}],"wp:term":[{"taxonomy":"product_brand","embeddable":true,"href":"https:\/\/solucionsolar.cl\/solar\/wp-json\/wp\/v2\/product_brand?post=1394"},{"taxonomy":"product_cat","embeddable":true,"href":"https:\/\/solucionsolar.cl\/solar\/wp-json\/wp\/v2\/product_cat?post=1394"},{"taxonomy":"product_tag","embeddable":true,"href":"https:\/\/solucionsolar.cl\/solar\/wp-json\/wp\/v2\/product_tag?post=1394"}],"curies":[{"name":"wp","href":"https:\/\/api.w.org\/{rel}","templated":true}]}}