{"id":1396,"date":"2023-05-13T22:53:46","date_gmt":"2023-05-13T22:53:46","guid":{"rendered":"https:\/\/solucionsolar.cl\/solar\/producto\/int-diferencial-2x25a-30ma-inmunizado-tipo-a-chint\/"},"modified":"2023-05-13T22:53:46","modified_gmt":"2023-05-13T22:53:46","slug":"int-diferencial-2x25a-30ma-inmunizado-tipo-a-chint","status":"publish","type":"product","link":"https:\/\/solucionsolar.cl\/solar\/producto\/int-diferencial-2x25a-30ma-inmunizado-tipo-a-chint\/","title":{"rendered":"Int Diferencial 2x25A 30MA Inmunizado Tipo A CHINT"},"content":{"rendered":"<p>El Interruptor Diferencial 2x25A 30MA Inmunizado Tipo A de la marca CHINT es un dispositivo el\u00e9ctrico de protecci\u00f3n que se utiliza en instalaciones el\u00e9ctricas residenciales y comerciales para proteger contra corrientes de fuga que puedan producir descargas el\u00e9ctricas.<\/p>\n","protected":false},"excerpt":{"rendered":"<p>El Interruptor Diferencial 2x25A 30MA Inmunizado Tipo A de la marca CHINT es un dispositivo el\u00e9ctrico de protecci\u00f3n que se utiliza en instalaciones el\u00e9ctricas residenciales y comerciales para proteger contra corrientes de fuga que puedan producir descargas el\u00e9ctricas.<\/p>\n","protected":false},"featured_media":1395,"comment_status":"open","ping_status":"closed","template":"","meta":{"_joinchat":[]},"product_brand":[],"product_cat":[16],"product_tag":[],"class_list":{"0":"post-1396","1":"product","2":"type-product","3":"status-publish","4":"has-post-thumbnail","6":"product_cat-electricidad","8":"first","9":"instock","10":"shipping-taxable","11":"purchasable","12":"product-type-simple"},"ams_default_variation_id":0,"ams_product_points_reward":[],"ams_product_discount_percentage":0,"ams_price_to_display":37500,"ams_acf":[],"jetpack_sharing_enabled":true,"_links":{"self":[{"href":"https:\/\/solucionsolar.cl\/solar\/wp-json\/wp\/v2\/product\/1396","targetHints":{"allow":["GET"]}}],"collection":[{"href":"https:\/\/solucionsolar.cl\/solar\/wp-json\/wp\/v2\/product"}],"about":[{"href":"https:\/\/solucionsolar.cl\/solar\/wp-json\/wp\/v2\/types\/product"}],"replies":[{"embeddable":true,"href":"https:\/\/solucionsolar.cl\/solar\/wp-json\/wp\/v2\/comments?post=1396"}],"wp:featuredmedia":[{"embeddable":true,"href":"https:\/\/solucionsolar.cl\/solar\/wp-json\/wp\/v2\/media\/1395"}],"wp:attachment":[{"href":"https:\/\/solucionsolar.cl\/solar\/wp-json\/wp\/v2\/media?parent=1396"}],"wp:term":[{"taxonomy":"product_brand","embeddable":true,"href":"https:\/\/solucionsolar.cl\/solar\/wp-json\/wp\/v2\/product_brand?post=1396"},{"taxonomy":"product_cat","embeddable":true,"href":"https:\/\/solucionsolar.cl\/solar\/wp-json\/wp\/v2\/product_cat?post=1396"},{"taxonomy":"product_tag","embeddable":true,"href":"https:\/\/solucionsolar.cl\/solar\/wp-json\/wp\/v2\/product_tag?post=1396"}],"curies":[{"name":"wp","href":"https:\/\/api.w.org\/{rel}","templated":true}]}}