{"id":1398,"date":"2023-05-13T22:53:49","date_gmt":"2023-05-13T22:53:49","guid":{"rendered":"https:\/\/solucionsolar.cl\/solar\/producto\/tablero-empotrado-pvc-36-polos-drl\/"},"modified":"2023-05-13T22:53:49","modified_gmt":"2023-05-13T22:53:49","slug":"tablero-empotrado-pvc-36-polos-drl","status":"publish","type":"product","link":"https:\/\/solucionsolar.cl\/solar\/producto\/tablero-empotrado-pvc-36-polos-drl\/","title":{"rendered":"Tablero empotrado pvc 36 polos DRL"},"content":{"rendered":"<p>El Tablero empotrado pvc 36 polos DRL es un dispositivo el\u00e9ctrico que se utiliza para distribuir la energ\u00eda el\u00e9ctrica en un lugar espec\u00edfico. Consta de 36 polos y se empotra en una superficie plana, lo que lo hace ideal para instalaciones el\u00e9ctricas donde se requiere un alto n\u00famero de conexiones y se necesita una apariencia ordenada y est\u00e9tica.<\/p>\n","protected":false},"excerpt":{"rendered":"<p>El Tablero empotrado pvc 36 polos DRL es un dispositivo el\u00e9ctrico que se utiliza para distribuir la energ\u00eda el\u00e9ctrica en un lugar espec\u00edfico. Consta de 36 polos y se empotra en una superficie plana, lo que lo hace ideal para instalaciones el\u00e9ctricas donde se requiere un alto n\u00famero de conexiones y se necesita una apariencia ordenada y est\u00e9tica.<\/p>\n","protected":false},"featured_media":1397,"comment_status":"open","ping_status":"closed","template":"","meta":{"_joinchat":[]},"product_brand":[],"product_cat":[16],"product_tag":[],"class_list":{"0":"post-1398","1":"product","2":"type-product","3":"status-publish","4":"has-post-thumbnail","6":"product_cat-electricidad","8":"first","9":"instock","10":"shipping-taxable","11":"purchasable","12":"product-type-simple"},"ams_default_variation_id":0,"ams_product_points_reward":[],"ams_product_discount_percentage":0,"ams_price_to_display":29900,"ams_acf":[],"jetpack_sharing_enabled":true,"_links":{"self":[{"href":"https:\/\/solucionsolar.cl\/solar\/wp-json\/wp\/v2\/product\/1398","targetHints":{"allow":["GET"]}}],"collection":[{"href":"https:\/\/solucionsolar.cl\/solar\/wp-json\/wp\/v2\/product"}],"about":[{"href":"https:\/\/solucionsolar.cl\/solar\/wp-json\/wp\/v2\/types\/product"}],"replies":[{"embeddable":true,"href":"https:\/\/solucionsolar.cl\/solar\/wp-json\/wp\/v2\/comments?post=1398"}],"wp:featuredmedia":[{"embeddable":true,"href":"https:\/\/solucionsolar.cl\/solar\/wp-json\/wp\/v2\/media\/1397"}],"wp:attachment":[{"href":"https:\/\/solucionsolar.cl\/solar\/wp-json\/wp\/v2\/media?parent=1398"}],"wp:term":[{"taxonomy":"product_brand","embeddable":true,"href":"https:\/\/solucionsolar.cl\/solar\/wp-json\/wp\/v2\/product_brand?post=1398"},{"taxonomy":"product_cat","embeddable":true,"href":"https:\/\/solucionsolar.cl\/solar\/wp-json\/wp\/v2\/product_cat?post=1398"},{"taxonomy":"product_tag","embeddable":true,"href":"https:\/\/solucionsolar.cl\/solar\/wp-json\/wp\/v2\/product_tag?post=1398"}],"curies":[{"name":"wp","href":"https:\/\/api.w.org\/{rel}","templated":true}]}}