{"id":140,"date":"2023-05-13T22:22:15","date_gmt":"2023-05-13T22:22:15","guid":{"rendered":"https:\/\/solucionsolar.cl\/solar\/producto\/chaleco-geologo-alta-visibilidad\/"},"modified":"2023-05-13T22:22:15","modified_gmt":"2023-05-13T22:22:15","slug":"chaleco-geologo-alta-visibilidad","status":"publish","type":"product","link":"https:\/\/solucionsolar.cl\/solar\/producto\/chaleco-geologo-alta-visibilidad\/","title":{"rendered":"Chaleco ge\u00f3logo Alta visibilidad"},"content":{"rendered":"<p>El chaleco ge\u00f3logo de alta visibilidad es un elemento de protecci\u00f3n personal utilizado por ge\u00f3logos y otros profesionales que trabajan al aire libre para aumentar su visibilidad y seguridad.<\/p>\n","protected":false},"excerpt":{"rendered":"<p>El chaleco ge\u00f3logo de alta visibilidad es un elemento de protecci\u00f3n personal utilizado por ge\u00f3logos y otros profesionales que trabajan al aire libre para aumentar su visibilidad y seguridad.<\/p>\n","protected":false},"featured_media":0,"comment_status":"open","ping_status":"closed","template":"","meta":{"_joinchat":[]},"product_brand":[],"product_cat":[17],"product_tag":[],"class_list":{"0":"post-140","1":"product","2":"type-product","3":"status-publish","5":"product_cat-ferreteria","7":"first","8":"instock","9":"shipping-taxable","10":"purchasable","11":"product-type-simple"},"ams_default_variation_id":0,"ams_product_points_reward":[],"ams_product_discount_percentage":0,"ams_price_to_display":10000,"ams_acf":[],"jetpack_sharing_enabled":true,"_links":{"self":[{"href":"https:\/\/solucionsolar.cl\/solar\/wp-json\/wp\/v2\/product\/140","targetHints":{"allow":["GET"]}}],"collection":[{"href":"https:\/\/solucionsolar.cl\/solar\/wp-json\/wp\/v2\/product"}],"about":[{"href":"https:\/\/solucionsolar.cl\/solar\/wp-json\/wp\/v2\/types\/product"}],"replies":[{"embeddable":true,"href":"https:\/\/solucionsolar.cl\/solar\/wp-json\/wp\/v2\/comments?post=140"}],"wp:attachment":[{"href":"https:\/\/solucionsolar.cl\/solar\/wp-json\/wp\/v2\/media?parent=140"}],"wp:term":[{"taxonomy":"product_brand","embeddable":true,"href":"https:\/\/solucionsolar.cl\/solar\/wp-json\/wp\/v2\/product_brand?post=140"},{"taxonomy":"product_cat","embeddable":true,"href":"https:\/\/solucionsolar.cl\/solar\/wp-json\/wp\/v2\/product_cat?post=140"},{"taxonomy":"product_tag","embeddable":true,"href":"https:\/\/solucionsolar.cl\/solar\/wp-json\/wp\/v2\/product_tag?post=140"}],"curies":[{"name":"wp","href":"https:\/\/api.w.org\/{rel}","templated":true}]}}