{"id":1402,"date":"2023-05-13T22:54:00","date_gmt":"2023-05-13T22:54:00","guid":{"rendered":"https:\/\/solucionsolar.cl\/solar\/producto\/aislador-de-tension-mediano-mw54-1\/"},"modified":"2023-05-13T22:54:00","modified_gmt":"2023-05-13T22:54:00","slug":"aislador-de-tension-mediano-mw54-1","status":"publish","type":"product","link":"https:\/\/solucionsolar.cl\/solar\/producto\/aislador-de-tension-mediano-mw54-1\/","title":{"rendered":"Aislador de tensi\u00f3n mediano MW54-1"},"content":{"rendered":"<p>El aislador de tensi\u00f3n mediano MW54-1 es un componente el\u00e9ctrico que se utiliza para aislar circuitos el\u00e9ctricos de alta tensi\u00f3n de otros elementos conductores, previniendo cortocircuitos y descargas el\u00e9ctricas. Es un dispositivo de tama\u00f1o mediano con una alta resistencia diel\u00e9ctrica y est\u00e1 dise\u00f1ado para soportar altas cargas y temperaturas.<\/p>\n","protected":false},"excerpt":{"rendered":"<p>El aislador de tensi\u00f3n mediano MW54-1 es un componente el\u00e9ctrico que se utiliza para aislar circuitos el\u00e9ctricos de alta tensi\u00f3n de otros elementos conductores, previniendo cortocircuitos y descargas el\u00e9ctricas. Es un dispositivo de tama\u00f1o mediano con una alta resistencia diel\u00e9ctrica y est\u00e1 dise\u00f1ado para soportar altas cargas y temperaturas.<\/p>\n","protected":false},"featured_media":1401,"comment_status":"open","ping_status":"closed","template":"","meta":{"_joinchat":[]},"product_brand":[],"product_cat":[16],"product_tag":[],"class_list":{"0":"post-1402","1":"product","2":"type-product","3":"status-publish","4":"has-post-thumbnail","6":"product_cat-electricidad","8":"first","9":"instock","10":"shipping-taxable","11":"purchasable","12":"product-type-simple"},"ams_default_variation_id":0,"ams_product_points_reward":[],"ams_product_discount_percentage":0,"ams_price_to_display":550,"ams_acf":[],"jetpack_sharing_enabled":true,"_links":{"self":[{"href":"https:\/\/solucionsolar.cl\/solar\/wp-json\/wp\/v2\/product\/1402","targetHints":{"allow":["GET"]}}],"collection":[{"href":"https:\/\/solucionsolar.cl\/solar\/wp-json\/wp\/v2\/product"}],"about":[{"href":"https:\/\/solucionsolar.cl\/solar\/wp-json\/wp\/v2\/types\/product"}],"replies":[{"embeddable":true,"href":"https:\/\/solucionsolar.cl\/solar\/wp-json\/wp\/v2\/comments?post=1402"}],"wp:featuredmedia":[{"embeddable":true,"href":"https:\/\/solucionsolar.cl\/solar\/wp-json\/wp\/v2\/media\/1401"}],"wp:attachment":[{"href":"https:\/\/solucionsolar.cl\/solar\/wp-json\/wp\/v2\/media?parent=1402"}],"wp:term":[{"taxonomy":"product_brand","embeddable":true,"href":"https:\/\/solucionsolar.cl\/solar\/wp-json\/wp\/v2\/product_brand?post=1402"},{"taxonomy":"product_cat","embeddable":true,"href":"https:\/\/solucionsolar.cl\/solar\/wp-json\/wp\/v2\/product_cat?post=1402"},{"taxonomy":"product_tag","embeddable":true,"href":"https:\/\/solucionsolar.cl\/solar\/wp-json\/wp\/v2\/product_tag?post=1402"}],"curies":[{"name":"wp","href":"https:\/\/api.w.org\/{rel}","templated":true}]}}