{"id":1406,"date":"2023-05-13T22:54:10","date_gmt":"2023-05-13T22:54:10","guid":{"rendered":"https:\/\/solucionsolar.cl\/solar\/producto\/tiracable-laucha-alambre-forrado-4mm-20mt-drl\/"},"modified":"2023-05-13T22:54:10","modified_gmt":"2023-05-13T22:54:10","slug":"tiracable-laucha-alambre-forrado-4mm-20mt-drl","status":"publish","type":"product","link":"https:\/\/solucionsolar.cl\/solar\/producto\/tiracable-laucha-alambre-forrado-4mm-20mt-drl\/","title":{"rendered":"Tiracable \/ Laucha alambre forrado 4mm 20Mt DRL"},"content":{"rendered":"<p>Tiracable \/ Laucha alambre forrado 4mm 20Mt DRL es un producto utilizado para tirar de cables y alambres en instalaciones el\u00e9ctricas, cuenta con una longitud de 20 metros y un di\u00e1metro de 4 mm, lo que lo hace ideal para trabajos el\u00e9ctricos de precisi\u00f3n.<\/p>\n","protected":false},"excerpt":{"rendered":"<p>Tiracable \/ Laucha alambre forrado 4mm 20Mt DRL es un producto utilizado para tirar de cables y alambres en instalaciones el\u00e9ctricas, cuenta con una longitud de 20 metros y un di\u00e1metro de 4 mm, lo que lo hace ideal para trabajos el\u00e9ctricos de precisi\u00f3n.<\/p>\n","protected":false},"featured_media":1403,"comment_status":"open","ping_status":"closed","template":"","meta":{"_joinchat":[]},"product_brand":[],"product_cat":[16],"product_tag":[],"class_list":{"0":"post-1406","1":"product","2":"type-product","3":"status-publish","4":"has-post-thumbnail","6":"product_cat-electricidad","8":"first","9":"instock","10":"shipping-taxable","11":"purchasable","12":"product-type-simple"},"ams_default_variation_id":0,"ams_product_points_reward":[],"ams_product_discount_percentage":0,"ams_price_to_display":7300,"ams_acf":[],"jetpack_sharing_enabled":true,"_links":{"self":[{"href":"https:\/\/solucionsolar.cl\/solar\/wp-json\/wp\/v2\/product\/1406","targetHints":{"allow":["GET"]}}],"collection":[{"href":"https:\/\/solucionsolar.cl\/solar\/wp-json\/wp\/v2\/product"}],"about":[{"href":"https:\/\/solucionsolar.cl\/solar\/wp-json\/wp\/v2\/types\/product"}],"replies":[{"embeddable":true,"href":"https:\/\/solucionsolar.cl\/solar\/wp-json\/wp\/v2\/comments?post=1406"}],"wp:featuredmedia":[{"embeddable":true,"href":"https:\/\/solucionsolar.cl\/solar\/wp-json\/wp\/v2\/media\/1403"}],"wp:attachment":[{"href":"https:\/\/solucionsolar.cl\/solar\/wp-json\/wp\/v2\/media?parent=1406"}],"wp:term":[{"taxonomy":"product_brand","embeddable":true,"href":"https:\/\/solucionsolar.cl\/solar\/wp-json\/wp\/v2\/product_brand?post=1406"},{"taxonomy":"product_cat","embeddable":true,"href":"https:\/\/solucionsolar.cl\/solar\/wp-json\/wp\/v2\/product_cat?post=1406"},{"taxonomy":"product_tag","embeddable":true,"href":"https:\/\/solucionsolar.cl\/solar\/wp-json\/wp\/v2\/product_tag?post=1406"}],"curies":[{"name":"wp","href":"https:\/\/api.w.org\/{rel}","templated":true}]}}