{"id":1413,"date":"2023-05-13T22:54:17","date_gmt":"2023-05-13T22:54:17","guid":{"rendered":"https:\/\/solucionsolar.cl\/solar\/producto\/conector-clip-derivacion-azul-14-16-awg-lexo\/"},"modified":"2023-05-13T22:54:17","modified_gmt":"2023-05-13T22:54:17","slug":"conector-clip-derivacion-azul-14-16-awg-lexo","status":"publish","type":"product","link":"https:\/\/solucionsolar.cl\/solar\/producto\/conector-clip-derivacion-azul-14-16-awg-lexo\/","title":{"rendered":"Conector clip derivaci\u00f3n Azul 14-16 AWG LEXO"},"content":{"rendered":"<p>El conector clip de derivaci\u00f3n azul de 14-16 AWG de LEXO es una soluci\u00f3n r\u00e1pida y f\u00e1cil para unir dos cables el\u00e9ctricos sin necesidad de cortar o pelarlos. Est\u00e1 dise\u00f1ado para cables de calibre 14-16 AWG y viene en un paquete de 100 unidades. Su color azul lo hace f\u00e1cilmente identificable en cualquier instalaci\u00f3n el\u00e9ctrica.<\/p>\n","protected":false},"excerpt":{"rendered":"<p>El conector clip de derivaci\u00f3n azul de 14-16 AWG de LEXO es una soluci\u00f3n r\u00e1pida y f\u00e1cil para unir dos cables el\u00e9ctricos sin necesidad de cortar o pelarlos. Est\u00e1 dise\u00f1ado para cables de calibre 14-16 AWG y viene en un paquete de 100 unidades. Su color azul lo hace f\u00e1cilmente identificable en cualquier instalaci\u00f3n el\u00e9ctrica.<\/p>\n","protected":false},"featured_media":1412,"comment_status":"open","ping_status":"closed","template":"","meta":{"_joinchat":[]},"product_brand":[],"product_cat":[16],"product_tag":[],"class_list":{"0":"post-1413","1":"product","2":"type-product","3":"status-publish","4":"has-post-thumbnail","6":"product_cat-electricidad","8":"first","9":"instock","10":"shipping-taxable","11":"purchasable","12":"product-type-simple"},"ams_default_variation_id":0,"ams_product_points_reward":[],"ams_product_discount_percentage":0,"ams_price_to_display":150,"ams_acf":[],"jetpack_sharing_enabled":true,"_links":{"self":[{"href":"https:\/\/solucionsolar.cl\/solar\/wp-json\/wp\/v2\/product\/1413","targetHints":{"allow":["GET"]}}],"collection":[{"href":"https:\/\/solucionsolar.cl\/solar\/wp-json\/wp\/v2\/product"}],"about":[{"href":"https:\/\/solucionsolar.cl\/solar\/wp-json\/wp\/v2\/types\/product"}],"replies":[{"embeddable":true,"href":"https:\/\/solucionsolar.cl\/solar\/wp-json\/wp\/v2\/comments?post=1413"}],"wp:featuredmedia":[{"embeddable":true,"href":"https:\/\/solucionsolar.cl\/solar\/wp-json\/wp\/v2\/media\/1412"}],"wp:attachment":[{"href":"https:\/\/solucionsolar.cl\/solar\/wp-json\/wp\/v2\/media?parent=1413"}],"wp:term":[{"taxonomy":"product_brand","embeddable":true,"href":"https:\/\/solucionsolar.cl\/solar\/wp-json\/wp\/v2\/product_brand?post=1413"},{"taxonomy":"product_cat","embeddable":true,"href":"https:\/\/solucionsolar.cl\/solar\/wp-json\/wp\/v2\/product_cat?post=1413"},{"taxonomy":"product_tag","embeddable":true,"href":"https:\/\/solucionsolar.cl\/solar\/wp-json\/wp\/v2\/product_tag?post=1413"}],"curies":[{"name":"wp","href":"https:\/\/api.w.org\/{rel}","templated":true}]}}