{"id":1417,"date":"2023-05-13T22:54:22","date_gmt":"2023-05-13T22:54:22","guid":{"rendered":"https:\/\/solucionsolar.cl\/solar\/producto\/caja-estanca-80x80x40mm-con-cono-zama\/"},"modified":"2023-05-13T22:54:22","modified_gmt":"2023-05-13T22:54:22","slug":"caja-estanca-80x80x40mm-con-cono-zama","status":"publish","type":"product","link":"https:\/\/solucionsolar.cl\/solar\/producto\/caja-estanca-80x80x40mm-con-cono-zama\/","title":{"rendered":"Caja estanca 80x80x40mm con cono ZAMA"},"content":{"rendered":"<p>La Caja estanca 80x80x40mm con cono ZAMA es un dispositivo utilizado para proteger elementos electr\u00f3nicos o el\u00e9ctricos en ambientes exteriores o interiores adversos. Est\u00e1 construida con un material resistente al agua y al polvo, con un cono que facilita la entrada y salida de cables. Es ideal para su uso en instalaciones el\u00e9ctricas y de comunicaciones.<\/p>\n","protected":false},"excerpt":{"rendered":"<p>La Caja estanca 80x80x40mm con cono ZAMA es un dispositivo utilizado para proteger elementos electr\u00f3nicos o el\u00e9ctricos en ambientes exteriores o interiores adversos. Est\u00e1 construida con un material resistente al agua y al polvo, con un cono que facilita la entrada y salida de cables. Es ideal para su uso en instalaciones el\u00e9ctricas y de comunicaciones.<\/p>\n","protected":false},"featured_media":1416,"comment_status":"open","ping_status":"closed","template":"","meta":{"_joinchat":[]},"product_brand":[],"product_cat":[16],"product_tag":[],"class_list":{"0":"post-1417","1":"product","2":"type-product","3":"status-publish","4":"has-post-thumbnail","6":"product_cat-electricidad","8":"first","9":"instock","10":"shipping-taxable","11":"purchasable","12":"product-type-simple"},"ams_default_variation_id":0,"ams_product_points_reward":[],"ams_product_discount_percentage":0,"ams_price_to_display":1300,"ams_acf":[],"jetpack_sharing_enabled":true,"_links":{"self":[{"href":"https:\/\/solucionsolar.cl\/solar\/wp-json\/wp\/v2\/product\/1417","targetHints":{"allow":["GET"]}}],"collection":[{"href":"https:\/\/solucionsolar.cl\/solar\/wp-json\/wp\/v2\/product"}],"about":[{"href":"https:\/\/solucionsolar.cl\/solar\/wp-json\/wp\/v2\/types\/product"}],"replies":[{"embeddable":true,"href":"https:\/\/solucionsolar.cl\/solar\/wp-json\/wp\/v2\/comments?post=1417"}],"wp:featuredmedia":[{"embeddable":true,"href":"https:\/\/solucionsolar.cl\/solar\/wp-json\/wp\/v2\/media\/1416"}],"wp:attachment":[{"href":"https:\/\/solucionsolar.cl\/solar\/wp-json\/wp\/v2\/media?parent=1417"}],"wp:term":[{"taxonomy":"product_brand","embeddable":true,"href":"https:\/\/solucionsolar.cl\/solar\/wp-json\/wp\/v2\/product_brand?post=1417"},{"taxonomy":"product_cat","embeddable":true,"href":"https:\/\/solucionsolar.cl\/solar\/wp-json\/wp\/v2\/product_cat?post=1417"},{"taxonomy":"product_tag","embeddable":true,"href":"https:\/\/solucionsolar.cl\/solar\/wp-json\/wp\/v2\/product_tag?post=1417"}],"curies":[{"name":"wp","href":"https:\/\/api.w.org\/{rel}","templated":true}]}}